{"id":1879,"date":"2024-11-13T00:54:26","date_gmt":"2024-11-13T00:54:26","guid":{"rendered":"https:\/\/dev.houseofstrauss.at\/zoegernitz\/"},"modified":"2025-04-17T11:57:21","modified_gmt":"2025-04-17T10:57:21","slug":"zoegernitz","status":"publish","type":"page","link":"https:\/\/houseofstrauss.at\/es\/zoegernitz\/","title":{"rendered":"Z\u00f6gernitz"},"content":{"rendered":"\t\t<div data-elementor-type=\"wp-page\" data-elementor-id=\"1879\" class=\"elementor elementor-1879 elementor-564\" data-elementor-post-type=\"page\">\n\t\t\t\t\t\t<section class=\"elementor-section elementor-top-section elementor-element elementor-element-7ae75dae elementor-section-boxed elementor-section-height-default elementor-section-height-default\" data-id=\"7ae75dae\" data-element_type=\"section\" data-e-type=\"section\" data-settings=\"{&quot;background_background&quot;:&quot;classic&quot;,&quot;background_motion_fx_motion_fx_scrolling&quot;:&quot;yes&quot;,&quot;background_motion_fx_scale_effect&quot;:&quot;yes&quot;,&quot;background_motion_fx_scale_speed&quot;:{&quot;unit&quot;:&quot;px&quot;,&quot;size&quot;:1.3,&quot;sizes&quot;:[]},&quot;background_motion_fx_scale_direction&quot;:&quot;out-in&quot;,&quot;background_motion_fx_scale_range&quot;:{&quot;unit&quot;:&quot;%&quot;,&quot;size&quot;:&quot;&quot;,&quot;sizes&quot;:{&quot;start&quot;:20,&quot;end&quot;:80}},&quot;background_motion_fx_devices&quot;:[&quot;desktop&quot;,&quot;tablet&quot;,&quot;mobile&quot;]}\">\n\t\t\t\t\t\t\t<div class=\"elementor-background-overlay\"><\/div>\n\t\t\t\t\t\t\t<div class=\"elementor-container elementor-column-gap-default\">\n\t\t\t\t\t<div class=\"elementor-column elementor-col-50 elementor-top-column elementor-element elementor-element-17d70e47\" data-id=\"17d70e47\" data-element_type=\"column\" data-e-type=\"column\">\n\t\t\t<div class=\"elementor-widget-wrap elementor-element-populated\">\n\t\t\t\t\t\t<div class=\"elementor-element elementor-element-6ffc0f68 animated-fast elementor-invisible elementor-widget elementor-widget-heading\" data-id=\"6ffc0f68\" data-element_type=\"widget\" data-e-type=\"widget\" data-settings=\"{&quot;_animation&quot;:&quot;fadeInLeft&quot;,&quot;_animation_tablet&quot;:&quot;fadeIn&quot;}\" data-widget_type=\"heading.default\">\n\t\t\t\t<div class=\"elementor-widget-container\">\n\t\t\t\t\t<h1 class=\"elementor-heading-title elementor-size-default\">La sede original de Strauss en el Casino Z\u00f6gernitz\n<\/h1>\t\t\t\t<\/div>\n\t\t\t\t<\/div>\n\t\t\t\t<div class=\"elementor-element elementor-element-4c6f454a animated-fast elementor-align-left elementor-invisible elementor-widget elementor-widget-button\" data-id=\"4c6f454a\" data-element_type=\"widget\" data-e-type=\"widget\" data-settings=\"{&quot;_animation&quot;:&quot;fadeInLeft&quot;,&quot;_animation_tablet&quot;:&quot;fadeIn&quot;,&quot;_animation_delay&quot;:100}\" data-widget_type=\"button.default\">\n\t\t\t\t<div class=\"elementor-widget-container\">\n\t\t\t\t\t\t\t\t\t<div class=\"elementor-button-wrapper\">\n\t\t\t\t\t<a class=\"elementor-button elementor-button-link elementor-size-sm\" href=\"https:\/\/houseofstrauss.at\/tickets\/\">\n\t\t\t\t\t\t<span class=\"elementor-button-content-wrapper\">\n\t\t\t\t\t\t\t\t\t<span class=\"elementor-button-text\">Al billete<\/span>\n\t\t\t\t\t<\/span>\n\t\t\t\t\t<\/a>\n\t\t\t\t<\/div>\n\t\t\t\t\t\t\t\t<\/div>\n\t\t\t\t<\/div>\n\t\t\t\t\t<\/div>\n\t\t<\/div>\n\t\t\t\t<div class=\"elementor-column elementor-col-50 elementor-top-column elementor-element elementor-element-a868ba0\" data-id=\"a868ba0\" data-element_type=\"column\" data-e-type=\"column\">\n\t\t\t<div class=\"elementor-widget-wrap elementor-element-populated\">\n\t\t\t\t\t\t<div class=\"elementor-element elementor-element-45aaddd4 animated-fast elementor-invisible elementor-widget elementor-widget-text-editor\" data-id=\"45aaddd4\" data-element_type=\"widget\" data-e-type=\"widget\" data-settings=\"{&quot;_animation&quot;:&quot;fadeInRight&quot;,&quot;_animation_tablet&quot;:&quot;fadeIn&quot;,&quot;_animation_delay&quot;:300}\" data-widget_type=\"text-editor.default\">\n\t\t\t\t<div class=\"elementor-widget-container\">\n\t\t\t\t\t\t\t\t\t<p>Sum\u00e9rgete en la encantadora atm\u00f3sfera del hist\u00f3rico sal\u00f3n de baile del Palacio Jard\u00edn de Z\u00f6gernitz y experimenta la magia y el romanticismo de Viena durante el apogeo de la familia Strauss.<\/p>\t\t\t\t\t\t\t\t<\/div>\n\t\t\t\t<\/div>\n\t\t\t\t\t<\/div>\n\t\t<\/div>\n\t\t\t\t\t<\/div>\n\t\t<\/section>\n\t\t\t\t<section class=\"elementor-section elementor-top-section elementor-element elementor-element-758b0dd elementor-section-boxed elementor-section-height-default elementor-section-height-default\" data-id=\"758b0dd\" data-element_type=\"section\" data-e-type=\"section\" data-settings=\"{&quot;background_background&quot;:&quot;classic&quot;}\">\n\t\t\t\t\t\t<div class=\"elementor-container elementor-column-gap-default\">\n\t\t\t\t\t<div class=\"elementor-column elementor-col-50 elementor-top-column elementor-element elementor-element-282f7f72\" data-id=\"282f7f72\" data-element_type=\"column\" data-e-type=\"column\">\n\t\t\t<div class=\"elementor-widget-wrap elementor-element-populated\">\n\t\t\t\t\t\t<div class=\"elementor-element elementor-element-503f40c6 animated-fast elementor-invisible elementor-widget elementor-widget-spacer\" data-id=\"503f40c6\" data-element_type=\"widget\" data-e-type=\"widget\" data-settings=\"{&quot;_animation&quot;:&quot;fadeIn&quot;}\" data-widget_type=\"spacer.default\">\n\t\t\t\t<div class=\"elementor-widget-container\">\n\t\t\t\t\t\t\t<div class=\"elementor-spacer\">\n\t\t\t<div class=\"elementor-spacer-inner\"><\/div>\n\t\t<\/div>\n\t\t\t\t\t\t<\/div>\n\t\t\t\t<\/div>\n\t\t\t\t<div class=\"elementor-element elementor-element-15ba64f animated-fast elementor-widget__width-auto elementor-absolute elementor-invisible elementor-widget elementor-widget-image\" data-id=\"15ba64f\" data-element_type=\"widget\" data-e-type=\"widget\" data-settings=\"{&quot;motion_fx_motion_fx_mouse&quot;:&quot;yes&quot;,&quot;motion_fx_tilt_effect&quot;:&quot;yes&quot;,&quot;motion_fx_tilt_speed&quot;:{&quot;unit&quot;:&quot;px&quot;,&quot;size&quot;:2,&quot;sizes&quot;:[]},&quot;_animation&quot;:&quot;fadeIn&quot;,&quot;_position&quot;:&quot;absolute&quot;}\" data-widget_type=\"image.default\">\n\t\t\t\t<div class=\"elementor-widget-container\">\n\t\t\t\t\t\t\t\t\t\t\t\t\t\t\t<img decoding=\"async\" src=\"https:\/\/houseofstrauss.at\/wp-content\/uploads\/elementor\/thumbs\/decor-home-3-qwxxykq4xmr1czwadadgqx023kv2nplbbtlct4eje8.png\" title=\"decor-home-3.png\" alt=\"decor-home-3.png\" loading=\"lazy\" \/>\t\t\t\t\t\t\t\t\t\t\t\t\t\t\t<\/div>\n\t\t\t\t<\/div>\n\t\t\t\t\t<\/div>\n\t\t<\/div>\n\t\t\t\t<div class=\"elementor-column elementor-col-50 elementor-top-column elementor-element elementor-element-1ac8cfcd\" data-id=\"1ac8cfcd\" data-element_type=\"column\" data-e-type=\"column\">\n\t\t\t<div class=\"elementor-widget-wrap elementor-element-populated\">\n\t\t\t\t\t\t<div class=\"elementor-element elementor-element-2fe5ee2 animated-fast elementor-invisible elementor-widget elementor-widget-heading\" data-id=\"2fe5ee2\" data-element_type=\"widget\" data-e-type=\"widget\" data-settings=\"{&quot;_animation&quot;:&quot;fadeIn&quot;,&quot;_animation_delay&quot;:200}\" data-widget_type=\"heading.default\">\n\t\t\t\t<div class=\"elementor-widget-container\">\n\t\t\t\t\t<h2 class=\"elementor-heading-title elementor-size-default\">Casino Z\u00f6gernitz Una verdadera joya de la arquitectura vienesa<\/h2>\t\t\t\t<\/div>\n\t\t\t\t<\/div>\n\t\t\t\t<div class=\"elementor-element elementor-element-7e7767f animated-fast elementor-invisible elementor-widget elementor-widget-text-editor\" data-id=\"7e7767f\" data-element_type=\"widget\" data-e-type=\"widget\" data-settings=\"{&quot;_animation&quot;:&quot;fadeIn&quot;,&quot;_animation_delay&quot;:300}\" data-widget_type=\"text-editor.default\">\n\t\t\t\t<div class=\"elementor-widget-container\">\n\t\t\t\t\t\t\t\t\t<p>Desde su inauguraci\u00f3n el 21 de julio de 1837, el Z\u00f6gernitz ha deleitado a sus hu\u00e9spedes con su pintoresco jard\u00edn y su impresionante sal\u00f3n de baile. R\u00e1pidamente se convirti\u00f3 en lugar de encuentro de la alta sociedad vienesa y acogi\u00f3 a numerosos invitados y eventos ilustres. Personalidades como Carl Michael Ziehrer, Joseph Lanner y Johann Strauss padre e hijo dieron aqu\u00ed bailes inolvidables y conquistaron los corazones de los vieneses.  <\/p>\t\t\t\t\t\t\t\t<\/div>\n\t\t\t\t<\/div>\n\t\t\t\t\t<\/div>\n\t\t<\/div>\n\t\t\t\t\t<\/div>\n\t\t<\/section>\n\t\t\t\t<section class=\"elementor-section elementor-top-section elementor-element elementor-element-31789444 elementor-section-boxed elementor-section-height-default elementor-section-height-default\" data-id=\"31789444\" data-element_type=\"section\" data-e-type=\"section\" data-settings=\"{&quot;background_background&quot;:&quot;classic&quot;}\">\n\t\t\t\t\t\t<div class=\"elementor-container elementor-column-gap-default\">\n\t\t\t\t\t<div class=\"elementor-column elementor-col-100 elementor-top-column elementor-element elementor-element-7630061e\" data-id=\"7630061e\" data-element_type=\"column\" data-e-type=\"column\">\n\t\t\t<div class=\"elementor-widget-wrap elementor-element-populated\">\n\t\t\t\t\t\t<section class=\"elementor-section elementor-inner-section elementor-element elementor-element-76220f48 elementor-section-full_width elementor-section-height-default elementor-section-height-default\" data-id=\"76220f48\" data-element_type=\"section\" data-e-type=\"section\">\n\t\t\t\t\t\t<div class=\"elementor-container elementor-column-gap-default\">\n\t\t\t\t\t<div class=\"elementor-column elementor-col-50 elementor-inner-column elementor-element elementor-element-74d294e\" data-id=\"74d294e\" data-element_type=\"column\" data-e-type=\"column\">\n\t\t\t<div class=\"elementor-widget-wrap elementor-element-populated\">\n\t\t\t\t\t\t<div class=\"elementor-element elementor-element-742775a8 animated-fast elementor-invisible elementor-widget elementor-widget-heading\" data-id=\"742775a8\" data-element_type=\"widget\" data-e-type=\"widget\" data-settings=\"{&quot;_animation&quot;:&quot;fadeIn&quot;,&quot;_animation_delay&quot;:200}\" data-widget_type=\"heading.default\">\n\t\t\t\t<div class=\"elementor-widget-container\">\n\t\t\t\t\t<h2 class=\"elementor-heading-title elementor-size-default\">Una obra maestra de la historia en nuevo esplendor<\/h2>\t\t\t\t<\/div>\n\t\t\t\t<\/div>\n\t\t\t\t<div class=\"elementor-element elementor-element-7414bdd6 animated-fast elementor-invisible elementor-widget elementor-widget-text-editor\" data-id=\"7414bdd6\" data-element_type=\"widget\" data-e-type=\"widget\" data-settings=\"{&quot;_animation&quot;:&quot;fadeIn&quot;,&quot;_animation_delay&quot;:300}\" data-widget_type=\"text-editor.default\">\n\t\t\t\t<div class=\"elementor-widget-container\">\n\t\t\t\t\t\t\t\t\t<p>Tras una exhaustiva renovaci\u00f3n, que concluy\u00f3 con \u00e9xito en 2022, el Palacio Jard\u00edn de Z\u00f6gernitz brilla ahora en todo su esplendor. Con gran atenci\u00f3n al detalle, se ha conservado la sustancia hist\u00f3rica y se ha integrado la tecnolog\u00eda moderna para ofrecer a los visitantes una experiencia \u00fanica. El palacio se ha consolidado como un lugar de primera clase que acoge regularmente actos culturales, musicales y sociales.    <a href=\"https:\/\/houseofstrauss.at\/es\/\">Casa de Strauss.<\/a><\/p><p>Para obtener m\u00e1s informaci\u00f3n sobre la historia, los acontecimientos actuales o la posibilidad de organizar tus propios actos, visita el sitio web oficial. Un clic en el siguiente enlace te llevar\u00e1 directamente all\u00ed y te dar\u00e1 una visi\u00f3n exclusiva de este impresionante patrimonio cultural de Viena. <\/p>\t\t\t\t\t\t\t\t<\/div>\n\t\t\t\t<\/div>\n\t\t\t\t\t<\/div>\n\t\t<\/div>\n\t\t\t\t<div class=\"elementor-column elementor-col-50 elementor-inner-column elementor-element elementor-element-5191a9ab\" data-id=\"5191a9ab\" data-element_type=\"column\" data-e-type=\"column\">\n\t\t\t<div class=\"elementor-widget-wrap elementor-element-populated\">\n\t\t\t\t\t\t<div class=\"elementor-element elementor-element-47488b51 animated-fast elementor-widget elementor-widget-spacer\" data-id=\"47488b51\" data-element_type=\"widget\" data-e-type=\"widget\" data-settings=\"{&quot;_animation&quot;:&quot;none&quot;}\" data-widget_type=\"spacer.default\">\n\t\t\t\t<div class=\"elementor-widget-container\">\n\t\t\t\t\t\t\t<div class=\"elementor-spacer\">\n\t\t\t<div class=\"elementor-spacer-inner\"><\/div>\n\t\t<\/div>\n\t\t\t\t\t\t<\/div>\n\t\t\t\t<\/div>\n\t\t\t\t<div class=\"elementor-element elementor-element-5616453c animated-fast elementor-widget__width-auto elementor-absolute elementor-invisible elementor-widget elementor-widget-image\" data-id=\"5616453c\" data-element_type=\"widget\" data-e-type=\"widget\" data-settings=\"{&quot;motion_fx_motion_fx_mouse&quot;:&quot;yes&quot;,&quot;motion_fx_tilt_effect&quot;:&quot;yes&quot;,&quot;motion_fx_tilt_direction&quot;:&quot;negative&quot;,&quot;motion_fx_tilt_speed&quot;:{&quot;unit&quot;:&quot;px&quot;,&quot;size&quot;:2,&quot;sizes&quot;:[]},&quot;_animation&quot;:&quot;fadeIn&quot;,&quot;_position&quot;:&quot;absolute&quot;}\" data-widget_type=\"image.default\">\n\t\t\t\t<div class=\"elementor-widget-container\">\n\t\t\t\t\t\t\t\t\t\t\t\t\t\t\t<img decoding=\"async\" src=\"https:\/\/houseofstrauss.at\/wp-content\/uploads\/elementor\/thumbs\/decor-1-qwx4xnh7rl0kk5lhe2mx0v270mtdn2jxoyq9h7qole.png\" title=\"decor-1.png\" alt=\"decor-1.png\" loading=\"lazy\" \/>\t\t\t\t\t\t\t\t\t\t\t\t\t\t\t<\/div>\n\t\t\t\t<\/div>\n\t\t\t\t\t<\/div>\n\t\t<\/div>\n\t\t\t\t\t<\/div>\n\t\t<\/section>\n\t\t\t\t\t<\/div>\n\t\t<\/div>\n\t\t\t\t\t<\/div>\n\t\t<\/section>\n\t\t\t\t<\/div>\n\t\t","protected":false},"excerpt":{"rendered":"<p>La sede original de Strauss en el Casino Z\u00f6gernitz Al billete Sum\u00e9rgete en la encantadora atm\u00f3sfera del hist\u00f3rico sal\u00f3n de baile del Palacio Jard\u00edn de Z\u00f6gernitz y experimenta la magia [&hellip;]<\/p>\n","protected":false},"author":1,"featured_media":1302,"parent":0,"menu_order":0,"comment_status":"closed","ping_status":"closed","template":"","meta":{"footnotes":""},"class_list":["post-1879","page","type-page","status-publish","has-post-thumbnail","hentry"],"yoast_head":"<!-- This site is optimized with the Yoast SEO plugin v27.4 - https:\/\/yoast.com\/product\/yoast-seo-wordpress\/ -->\n<title>Casino Z\u00f6gernitz Viena | Casa de Strauss<\/title>\n<meta name=\"description\" content=\"Descubre el Casino Z\u00f6gernitz de Viena, un lugar donde se unen la elegancia y el juego. \u00a1Vis\u00edtanos y vive la experiencia Strauss!\" \/>\n<meta name=\"robots\" content=\"index, follow, max-snippet:-1, max-image-preview:large, max-video-preview:-1\" \/>\n<link rel=\"canonical\" href=\"https:\/\/houseofstrauss.at\/zogernitz\/\" \/>\n<meta property=\"og:locale\" content=\"es_ES\" \/>\n<meta property=\"og:type\" content=\"article\" \/>\n<meta property=\"og:title\" content=\"Casino Z\u00f6gernitz Viena | Casa de Strauss\" \/>\n<meta property=\"og:description\" content=\"Descubre el Casino Z\u00f6gernitz de Viena, un lugar donde se unen la elegancia y el juego. \u00a1Vis\u00edtanos y vive la experiencia Strauss!\" \/>\n<meta property=\"og:url\" content=\"https:\/\/houseofstrauss.at\/zogernitz\/\" \/>\n<meta property=\"og:site_name\" content=\"House of Strauss Wien\" \/>\n<meta property=\"article:publisher\" content=\"https:\/\/www.facebook.com\/houseofstraussvienna\" \/>\n<meta property=\"article:modified_time\" content=\"2025-04-17T10:57:21+00:00\" \/>\n<meta property=\"og:image\" content=\"https:\/\/houseofstrauss.at\/wp-content\/uploads\/2024\/11\/Zogernitz_Saal-29-\u00a9Sima-Prodinger.jpg\" \/>\n\t<meta property=\"og:image:width\" content=\"1920\" \/>\n\t<meta property=\"og:image:height\" content=\"1280\" \/>\n\t<meta property=\"og:image:type\" content=\"image\/jpeg\" \/>\n<meta name=\"twitter:card\" content=\"summary_large_image\" \/>\n<meta name=\"twitter:label1\" content=\"Tiempo de lectura\" \/>\n\t<meta name=\"twitter:data1\" content=\"1 minuto\" \/>\n<script type=\"application\/ld+json\" class=\"yoast-schema-graph\">{\"@context\":\"https:\\\/\\\/schema.org\",\"@graph\":[{\"@type\":\"WebPage\",\"@id\":\"https:\\\/\\\/houseofstrauss.at\\\/zogernitz\\\/\",\"url\":\"https:\\\/\\\/houseofstrauss.at\\\/zogernitz\\\/\",\"name\":\"Casino Z\u00f6gernitz Viena | Casa de Strauss\",\"isPartOf\":{\"@id\":\"https:\\\/\\\/houseofstrauss.at\\\/#website\"},\"primaryImageOfPage\":{\"@id\":\"https:\\\/\\\/houseofstrauss.at\\\/zogernitz\\\/#primaryimage\"},\"image\":{\"@id\":\"https:\\\/\\\/houseofstrauss.at\\\/zogernitz\\\/#primaryimage\"},\"thumbnailUrl\":\"https:\\\/\\\/houseofstrauss.at\\\/wp-content\\\/uploads\\\/2024\\\/11\\\/Zogernitz_Saal-29-\u00a9Sima-Prodinger.jpg\",\"datePublished\":\"2024-11-13T00:54:26+00:00\",\"dateModified\":\"2025-04-17T10:57:21+00:00\",\"description\":\"Descubre el Casino Z\u00f6gernitz de Viena, un lugar donde se unen la elegancia y el juego. \u00a1Vis\u00edtanos y vive la experiencia Strauss!\",\"breadcrumb\":{\"@id\":\"https:\\\/\\\/houseofstrauss.at\\\/zogernitz\\\/#breadcrumb\"},\"inLanguage\":\"es\",\"potentialAction\":[{\"@type\":\"ReadAction\",\"target\":[\"https:\\\/\\\/houseofstrauss.at\\\/zogernitz\\\/\"]}]},{\"@type\":\"ImageObject\",\"inLanguage\":\"es\",\"@id\":\"https:\\\/\\\/houseofstrauss.at\\\/zogernitz\\\/#primaryimage\",\"url\":\"https:\\\/\\\/houseofstrauss.at\\\/wp-content\\\/uploads\\\/2024\\\/11\\\/Zogernitz_Saal-29-\u00a9Sima-Prodinger.jpg\",\"contentUrl\":\"https:\\\/\\\/houseofstrauss.at\\\/wp-content\\\/uploads\\\/2024\\\/11\\\/Zogernitz_Saal-29-\u00a9Sima-Prodinger.jpg\",\"width\":1920,\"height\":1280,\"caption\":\"Casino Z\u00f6gernitz Wien\"},{\"@type\":\"BreadcrumbList\",\"@id\":\"https:\\\/\\\/houseofstrauss.at\\\/zogernitz\\\/#breadcrumb\",\"itemListElement\":[{\"@type\":\"ListItem\",\"position\":1,\"name\":\"Startseite\",\"item\":\"https:\\\/\\\/houseofstrauss.at\\\/es\\\/inicio-2\\\/\"},{\"@type\":\"ListItem\",\"position\":2,\"name\":\"Z\u00f6gernitz\"}]},{\"@type\":\"WebSite\",\"@id\":\"https:\\\/\\\/houseofstrauss.at\\\/#website\",\"url\":\"https:\\\/\\\/houseofstrauss.at\\\/\",\"name\":\"House of Strauss Wien\",\"description\":\"Museum, Sehensw\u00fcrdigkeiten  Classical concerts Vienna, Live Strauss Konzerte\",\"publisher\":{\"@id\":\"https:\\\/\\\/houseofstrauss.at\\\/#organization\"},\"potentialAction\":[{\"@type\":\"SearchAction\",\"target\":{\"@type\":\"EntryPoint\",\"urlTemplate\":\"https:\\\/\\\/houseofstrauss.at\\\/?s={search_term_string}\"},\"query-input\":{\"@type\":\"PropertyValueSpecification\",\"valueRequired\":true,\"valueName\":\"search_term_string\"}}],\"inLanguage\":\"es\"},{\"@type\":\"Organization\",\"@id\":\"https:\\\/\\\/houseofstrauss.at\\\/#organization\",\"name\":\"House of Strauss Wien\",\"url\":\"https:\\\/\\\/houseofstrauss.at\\\/\",\"logo\":{\"@type\":\"ImageObject\",\"inLanguage\":\"es\",\"@id\":\"https:\\\/\\\/houseofstrauss.at\\\/#\\\/schema\\\/logo\\\/image\\\/\",\"url\":\"https:\\\/\\\/houseofstrauss.at\\\/wp-content\\\/uploads\\\/2024\\\/11\\\/blue-logo.png\",\"contentUrl\":\"https:\\\/\\\/houseofstrauss.at\\\/wp-content\\\/uploads\\\/2024\\\/11\\\/blue-logo.png\",\"width\":2564,\"height\":1213,\"caption\":\"House of Strauss Wien\"},\"image\":{\"@id\":\"https:\\\/\\\/houseofstrauss.at\\\/#\\\/schema\\\/logo\\\/image\\\/\"},\"sameAs\":[\"https:\\\/\\\/www.facebook.com\\\/houseofstraussvienna\",\"https:\\\/\\\/www.instagram.com\\\/houseofstrauss_vienna\",\"https:\\\/\\\/www.tripadvisor.de\\\/Attraction_Review-g190454-d26561860-Reviews-House_Of_Strauss_Vienna-Vienna.html\",\"https:\\\/\\\/www.tiktok.com\\\/@house.of.strauss\"]}]}<\/script>\n<!-- \/ Yoast SEO plugin. -->","yoast_head_json":{"title":"Casino Z\u00f6gernitz Viena | Casa de Strauss","description":"Descubre el Casino Z\u00f6gernitz de Viena, un lugar donde se unen la elegancia y el juego. \u00a1Vis\u00edtanos y vive la experiencia Strauss!","robots":{"index":"index","follow":"follow","max-snippet":"max-snippet:-1","max-image-preview":"max-image-preview:large","max-video-preview":"max-video-preview:-1"},"canonical":"https:\/\/houseofstrauss.at\/zogernitz\/","og_locale":"es_ES","og_type":"article","og_title":"Casino Z\u00f6gernitz Viena | Casa de Strauss","og_description":"Descubre el Casino Z\u00f6gernitz de Viena, un lugar donde se unen la elegancia y el juego. \u00a1Vis\u00edtanos y vive la experiencia Strauss!","og_url":"https:\/\/houseofstrauss.at\/zogernitz\/","og_site_name":"House of Strauss Wien","article_publisher":"https:\/\/www.facebook.com\/houseofstraussvienna","article_modified_time":"2025-04-17T10:57:21+00:00","og_image":[{"width":1920,"height":1280,"url":"https:\/\/houseofstrauss.at\/wp-content\/uploads\/2024\/11\/Zogernitz_Saal-29-\u00a9Sima-Prodinger.jpg","type":"image\/jpeg"}],"twitter_card":"summary_large_image","twitter_misc":{"Tiempo de lectura":"1 minuto"},"schema":{"@context":"https:\/\/schema.org","@graph":[{"@type":"WebPage","@id":"https:\/\/houseofstrauss.at\/zogernitz\/","url":"https:\/\/houseofstrauss.at\/zogernitz\/","name":"Casino Z\u00f6gernitz Viena | Casa de Strauss","isPartOf":{"@id":"https:\/\/houseofstrauss.at\/#website"},"primaryImageOfPage":{"@id":"https:\/\/houseofstrauss.at\/zogernitz\/#primaryimage"},"image":{"@id":"https:\/\/houseofstrauss.at\/zogernitz\/#primaryimage"},"thumbnailUrl":"https:\/\/houseofstrauss.at\/wp-content\/uploads\/2024\/11\/Zogernitz_Saal-29-\u00a9Sima-Prodinger.jpg","datePublished":"2024-11-13T00:54:26+00:00","dateModified":"2025-04-17T10:57:21+00:00","description":"Descubre el Casino Z\u00f6gernitz de Viena, un lugar donde se unen la elegancia y el juego. \u00a1Vis\u00edtanos y vive la experiencia Strauss!","breadcrumb":{"@id":"https:\/\/houseofstrauss.at\/zogernitz\/#breadcrumb"},"inLanguage":"es","potentialAction":[{"@type":"ReadAction","target":["https:\/\/houseofstrauss.at\/zogernitz\/"]}]},{"@type":"ImageObject","inLanguage":"es","@id":"https:\/\/houseofstrauss.at\/zogernitz\/#primaryimage","url":"https:\/\/houseofstrauss.at\/wp-content\/uploads\/2024\/11\/Zogernitz_Saal-29-\u00a9Sima-Prodinger.jpg","contentUrl":"https:\/\/houseofstrauss.at\/wp-content\/uploads\/2024\/11\/Zogernitz_Saal-29-\u00a9Sima-Prodinger.jpg","width":1920,"height":1280,"caption":"Casino Z\u00f6gernitz Wien"},{"@type":"BreadcrumbList","@id":"https:\/\/houseofstrauss.at\/zogernitz\/#breadcrumb","itemListElement":[{"@type":"ListItem","position":1,"name":"Startseite","item":"https:\/\/houseofstrauss.at\/es\/inicio-2\/"},{"@type":"ListItem","position":2,"name":"Z\u00f6gernitz"}]},{"@type":"WebSite","@id":"https:\/\/houseofstrauss.at\/#website","url":"https:\/\/houseofstrauss.at\/","name":"House of Strauss Wien","description":"Museum, Sehensw\u00fcrdigkeiten  Classical concerts Vienna, Live Strauss Konzerte","publisher":{"@id":"https:\/\/houseofstrauss.at\/#organization"},"potentialAction":[{"@type":"SearchAction","target":{"@type":"EntryPoint","urlTemplate":"https:\/\/houseofstrauss.at\/?s={search_term_string}"},"query-input":{"@type":"PropertyValueSpecification","valueRequired":true,"valueName":"search_term_string"}}],"inLanguage":"es"},{"@type":"Organization","@id":"https:\/\/houseofstrauss.at\/#organization","name":"House of Strauss Wien","url":"https:\/\/houseofstrauss.at\/","logo":{"@type":"ImageObject","inLanguage":"es","@id":"https:\/\/houseofstrauss.at\/#\/schema\/logo\/image\/","url":"https:\/\/houseofstrauss.at\/wp-content\/uploads\/2024\/11\/blue-logo.png","contentUrl":"https:\/\/houseofstrauss.at\/wp-content\/uploads\/2024\/11\/blue-logo.png","width":2564,"height":1213,"caption":"House of Strauss Wien"},"image":{"@id":"https:\/\/houseofstrauss.at\/#\/schema\/logo\/image\/"},"sameAs":["https:\/\/www.facebook.com\/houseofstraussvienna","https:\/\/www.instagram.com\/houseofstrauss_vienna","https:\/\/www.tripadvisor.de\/Attraction_Review-g190454-d26561860-Reviews-House_Of_Strauss_Vienna-Vienna.html","https:\/\/www.tiktok.com\/@house.of.strauss"]}]}},"_links":{"self":[{"href":"https:\/\/houseofstrauss.at\/es\/wp-json\/wp\/v2\/pages\/1879","targetHints":{"allow":["GET"]}}],"collection":[{"href":"https:\/\/houseofstrauss.at\/es\/wp-json\/wp\/v2\/pages"}],"about":[{"href":"https:\/\/houseofstrauss.at\/es\/wp-json\/wp\/v2\/types\/page"}],"author":[{"embeddable":true,"href":"https:\/\/houseofstrauss.at\/es\/wp-json\/wp\/v2\/users\/1"}],"replies":[{"embeddable":true,"href":"https:\/\/houseofstrauss.at\/es\/wp-json\/wp\/v2\/comments?post=1879"}],"version-history":[{"count":8,"href":"https:\/\/houseofstrauss.at\/es\/wp-json\/wp\/v2\/pages\/1879\/revisions"}],"predecessor-version":[{"id":9146,"href":"https:\/\/houseofstrauss.at\/es\/wp-json\/wp\/v2\/pages\/1879\/revisions\/9146"}],"wp:featuredmedia":[{"embeddable":true,"href":"https:\/\/houseofstrauss.at\/es\/wp-json\/wp\/v2\/media\/1302"}],"wp:attachment":[{"href":"https:\/\/houseofstrauss.at\/es\/wp-json\/wp\/v2\/media?parent=1879"}],"curies":[{"name":"wp","href":"https:\/\/api.w.org\/{rel}","templated":true}]}}