{"id":5618,"date":"2024-12-09T07:20:01","date_gmt":"2024-12-09T07:20:01","guid":{"rendered":"https:\/\/dev.houseofstrauss.at\/declaracion-de-proteccion-de-datos\/"},"modified":"2025-04-17T15:37:37","modified_gmt":"2025-04-17T14:37:37","slug":"declaracion-de-proteccion-de-datos","status":"publish","type":"page","link":"https:\/\/houseofstrauss.at\/es\/declaracion-de-proteccion-de-datos\/","title":{"rendered":"Declaraci\u00f3n de protecci\u00f3n de datos"},"content":{"rendered":"\t\t<div data-elementor-type=\"wp-page\" data-elementor-id=\"5618\" class=\"elementor elementor-5618 elementor-5515\" data-elementor-post-type=\"page\">\n\t\t\t\t\t\t<section class=\"elementor-section elementor-top-section elementor-element elementor-element-f155474 elementor-section-boxed elementor-section-height-default elementor-section-height-default\" data-id=\"f155474\" data-element_type=\"section\" data-e-type=\"section\">\n\t\t\t\t\t\t<div class=\"elementor-container elementor-column-gap-default\">\n\t\t\t\t\t<div class=\"elementor-column elementor-col-100 elementor-top-column elementor-element elementor-element-de74674\" data-id=\"de74674\" data-element_type=\"column\" data-e-type=\"column\">\n\t\t\t<div class=\"elementor-widget-wrap elementor-element-populated\">\n\t\t\t\t\t\t<div class=\"elementor-element elementor-element-14bf7a0 elementor-widget elementor-widget-text-editor\" data-id=\"14bf7a0\" data-element_type=\"widget\" data-e-type=\"widget\" data-widget_type=\"text-editor.default\">\n\t\t\t\t<div class=\"elementor-widget-container\">\n\t\t\t\t\t\t\t\t\t<article class=\"flex flex-col items-center justify-center text-2xl\"><h2> <\/h2><h1>Declaraci\u00f3n GDPR<\/h1><div class=\"relative mx-auto min-h-[400px] max-w-full p-5\"><div class=\"relative z-20\"><article><div><div class=\"prose prose-p:my-5 prose-p:first:pt-2 prose-strong:font-normal md:prose-strong:font-semibold lg:prose-p:my-8 prose-ul:w-[1200px] prose-ul:max-w-full prose-blockquote:w-[1200px] prose-blockquote:max-w-full md:prose-semiMobile lg:prose-desktop prose-headings:max-w-[1200px] prose-headings:mx-auto prose-p:max-w-[1200px] prose-p:mx-auto prose-ul:mx-auto prose-blockquote:mx-auto prose-li:marker:text-brand prose-headings:first:pt-7 mx-auto w-full\"><p>La protecci\u00f3n de tus datos personales nos preocupa especialmente. Por ello, procesamos tus datos exclusivamente sobre la base de las disposiciones legales (GDPR, TKG 2003). En esta informaci\u00f3n sobre protecci\u00f3n de datos, te informamos sobre los aspectos m\u00e1s importantes del tratamiento de datos en nuestro sitio web.    <a href=\"https:\/\/houseofstrauss.at\/es\/\">Casa de Strauss.<\/a><\/p><h3>Contacta con nosotros<\/h3><p>Si te pones en contacto con nosotros por correo electr\u00f3nico a trav\u00e9s del sitio web, almacenaremos los datos que nos proporciones durante seis meses con el fin de procesar tu consulta y en caso de preguntas de seguimiento. No transmitiremos estos datos sin tu consentimiento. <\/p><p>S\u00f3lo utilizamos tus datos personales transmitidos a trav\u00e9s del formulario de contacto de nuestro sitio web para procesar tu consulta y cumplir as\u00ed nuestras obligaciones (pre)contractuales.Bolet\u00edn informativo: Si has dado tu consentimiento, utilizaremos los datos personales (nombre y direcci\u00f3n de correo electr\u00f3nico) que nos facilites al inscribirte en el bolet\u00edn informativo para los siguientes fines de marketing directo: Al hacer clic en el bot\u00f3n \u00abEnviar\u00bb al inscribirte en el bolet\u00edn informativo, das tu consentimiento para que procesemos los datos personales que nos has facilitado voluntariamente (nombre y direcci\u00f3n de correo electr\u00f3nico) con el fin de enviarte por correo electr\u00f3nico boletines informativos sobre nuestro proyecto actual, informaci\u00f3n de marketing y productos relacionados con nuestros servicios.<\/p><h3>Cookies<\/h3><p>Nuestro sitio web utiliza las llamadas cookies. Se trata de peque\u00f1os archivos de texto que se almacenan en tu dispositivo final con la ayuda del navegador. No causan ning\u00fan da\u00f1o y utilizamos cookies para que nuestro sitio web sea m\u00e1s f\u00e1cil de usar. Algunas cookies permanecen almacenadas en tu dispositivo hasta que las eliminas. Nos permiten reconocer tu navegador en tu pr\u00f3xima visita, pero si no quieres esto, puedes configurar tu navegador para que te informe sobre la instalaci\u00f3n de cookies y s\u00f3lo lo permitas en casos individuales. Si desactivas las cookies, la funcionalidad de nuestro sitio web puede verse restringida.     <\/p><h3>An\u00e1lisis web<\/h3><p>Cuando se accede a nuestro sitio web, se realiza una entrada est\u00e1ndar en el archivo de registro del servidor web, que es t\u00e9cnicamente necesaria para mantener el funcionamiento. Los archivos de registro se analizan de forma no p\u00fablica y sobre la base de direcciones IP seudonimizadas, sin extraer conclusiones sobre las personas, utilizando una herramienta adecuada para poder evaluar el funcionamiento del sitio web. <\/p><h3>Tus derechos<\/h3><p>En principio, tienes derecho a la informaci\u00f3n, rectificaci\u00f3n, supresi\u00f3n, limitaci\u00f3n, portabilidad de datos, cancelaci\u00f3n y oposici\u00f3n. Si crees que el tratamiento de tus datos infringe la ley de protecci\u00f3n de datos o que se han vulnerado tus derechos de protecci\u00f3n de datos de cualquier otra forma, puedes presentar una reclamaci\u00f3n ante la autoridad supervisora. En Austria, \u00e9sta es la autoridad de protecci\u00f3n de datos.  <\/p><\/div><\/div><\/article><\/div><\/div><\/article>\t\t\t\t\t\t\t\t<\/div>\n\t\t\t\t<\/div>\n\t\t\t\t\t<\/div>\n\t\t<\/div>\n\t\t\t\t\t<\/div>\n\t\t<\/section>\n\t\t\t\t<section class=\"elementor-section elementor-top-section elementor-element elementor-element-b5513a6 elementor-section-boxed elementor-section-height-default elementor-section-height-default\" data-id=\"b5513a6\" data-element_type=\"section\" data-e-type=\"section\">\n\t\t\t\t\t\t<div class=\"elementor-container elementor-column-gap-default\">\n\t\t\t\t\t<div class=\"elementor-column elementor-col-100 elementor-top-column elementor-element elementor-element-58bdacd\" data-id=\"58bdacd\" data-element_type=\"column\" data-e-type=\"column\">\n\t\t\t<div class=\"elementor-widget-wrap\">\n\t\t\t\t\t\t\t<\/div>\n\t\t<\/div>\n\t\t\t\t\t<\/div>\n\t\t<\/section>\n\t\t\t\t<\/div>\n\t\t","protected":false},"excerpt":{"rendered":"<p>Declaraci\u00f3n GDPR La protecci\u00f3n de tus datos personales nos preocupa especialmente. Por ello, procesamos tus datos exclusivamente sobre la base de las disposiciones legales (GDPR, TKG 2003). En esta informaci\u00f3n [&hellip;]<\/p>\n","protected":false},"author":1,"featured_media":5400,"parent":0,"menu_order":0,"comment_status":"closed","ping_status":"closed","template":"","meta":{"footnotes":""},"class_list":["post-5618","page","type-page","status-publish","has-post-thumbnail","hentry"],"yoast_head":"<!-- This site is optimized with the Yoast SEO plugin v27.5 - https:\/\/yoast.com\/product\/yoast-seo-wordpress\/ -->\n<title>Pol\u00edtica de privacidad | Casa de Strauss Viena<\/title>\n<meta name=\"description\" content=\"Lee las normas de protecci\u00f3n de datos de Strauss in Vienna. Estamos comprometidos con la seguridad y la transparencia en el tratamiento de tus datos.\" \/>\n<meta name=\"robots\" content=\"index, follow, max-snippet:-1, max-image-preview:large, max-video-preview:-1\" \/>\n<link rel=\"canonical\" href=\"https:\/\/houseofstrauss.at\/datenschutzerklaerung\/\" \/>\n<meta property=\"og:locale\" content=\"es_ES\" \/>\n<meta property=\"og:type\" content=\"article\" \/>\n<meta property=\"og:title\" content=\"Pol\u00edtica de privacidad | Casa de Strauss Viena\" \/>\n<meta property=\"og:description\" content=\"Lee las normas de protecci\u00f3n de datos de Strauss in Vienna. Estamos comprometidos con la seguridad y la transparencia en el tratamiento de tus datos.\" \/>\n<meta property=\"og:url\" content=\"https:\/\/houseofstrauss.at\/datenschutzerklaerung\/\" \/>\n<meta property=\"og:site_name\" content=\"House of Strauss Wien\" \/>\n<meta property=\"article:publisher\" content=\"https:\/\/www.facebook.com\/houseofstraussvienna\" \/>\n<meta property=\"article:modified_time\" content=\"2025-04-17T14:37:37+00:00\" \/>\n<meta property=\"og:image\" content=\"https:\/\/houseofstrauss.at\/wp-content\/uploads\/2024\/12\/IMG_6995.jpeg\" \/>\n\t<meta property=\"og:image:width\" content=\"1320\" \/>\n\t<meta property=\"og:image:height\" content=\"1760\" \/>\n\t<meta property=\"og:image:type\" content=\"image\/jpeg\" \/>\n<meta name=\"twitter:card\" content=\"summary_large_image\" \/>\n<meta name=\"twitter:label1\" content=\"Tiempo de lectura\" \/>\n\t<meta name=\"twitter:data1\" content=\"2 minutos\" \/>\n<script type=\"application\/ld+json\" class=\"yoast-schema-graph\">{\"@context\":\"https:\\\/\\\/schema.org\",\"@graph\":[{\"@type\":\"WebPage\",\"@id\":\"https:\\\/\\\/houseofstrauss.at\\\/datenschutzerklaerung\\\/\",\"url\":\"https:\\\/\\\/houseofstrauss.at\\\/datenschutzerklaerung\\\/\",\"name\":\"Pol\u00edtica de privacidad | Casa de Strauss Viena\",\"isPartOf\":{\"@id\":\"https:\\\/\\\/houseofstrauss.at\\\/#website\"},\"primaryImageOfPage\":{\"@id\":\"https:\\\/\\\/houseofstrauss.at\\\/datenschutzerklaerung\\\/#primaryimage\"},\"image\":{\"@id\":\"https:\\\/\\\/houseofstrauss.at\\\/datenschutzerklaerung\\\/#primaryimage\"},\"thumbnailUrl\":\"https:\\\/\\\/houseofstrauss.at\\\/wp-content\\\/uploads\\\/2024\\\/12\\\/IMG_6995.jpeg\",\"datePublished\":\"2024-12-09T07:20:01+00:00\",\"dateModified\":\"2025-04-17T14:37:37+00:00\",\"description\":\"Lee las normas de protecci\u00f3n de datos de Strauss in Vienna. Estamos comprometidos con la seguridad y la transparencia en el tratamiento de tus datos.\",\"breadcrumb\":{\"@id\":\"https:\\\/\\\/houseofstrauss.at\\\/datenschutzerklaerung\\\/#breadcrumb\"},\"inLanguage\":\"es\",\"potentialAction\":[{\"@type\":\"ReadAction\",\"target\":[\"https:\\\/\\\/houseofstrauss.at\\\/datenschutzerklaerung\\\/\"]}]},{\"@type\":\"ImageObject\",\"inLanguage\":\"es\",\"@id\":\"https:\\\/\\\/houseofstrauss.at\\\/datenschutzerklaerung\\\/#primaryimage\",\"url\":\"https:\\\/\\\/houseofstrauss.at\\\/wp-content\\\/uploads\\\/2024\\\/12\\\/IMG_6995.jpeg\",\"contentUrl\":\"https:\\\/\\\/houseofstrauss.at\\\/wp-content\\\/uploads\\\/2024\\\/12\\\/IMG_6995.jpeg\",\"width\":1320,\"height\":1760,\"caption\":\"Datenschutzerkl\u00e4rung\"},{\"@type\":\"BreadcrumbList\",\"@id\":\"https:\\\/\\\/houseofstrauss.at\\\/datenschutzerklaerung\\\/#breadcrumb\",\"itemListElement\":[{\"@type\":\"ListItem\",\"position\":1,\"name\":\"Startseite\",\"item\":\"https:\\\/\\\/houseofstrauss.at\\\/es\\\/inicio-2\\\/\"},{\"@type\":\"ListItem\",\"position\":2,\"name\":\"Declaraci\u00f3n de protecci\u00f3n de datos\"}]},{\"@type\":\"WebSite\",\"@id\":\"https:\\\/\\\/houseofstrauss.at\\\/#website\",\"url\":\"https:\\\/\\\/houseofstrauss.at\\\/\",\"name\":\"House of Strauss Wien\",\"description\":\"Museum, Sehensw\u00fcrdigkeiten  Classical concerts Vienna, Live Strauss Konzerte\",\"publisher\":{\"@id\":\"https:\\\/\\\/houseofstrauss.at\\\/#organization\"},\"potentialAction\":[{\"@type\":\"SearchAction\",\"target\":{\"@type\":\"EntryPoint\",\"urlTemplate\":\"https:\\\/\\\/houseofstrauss.at\\\/?s={search_term_string}\"},\"query-input\":{\"@type\":\"PropertyValueSpecification\",\"valueRequired\":true,\"valueName\":\"search_term_string\"}}],\"inLanguage\":\"es\"},{\"@type\":\"Organization\",\"@id\":\"https:\\\/\\\/houseofstrauss.at\\\/#organization\",\"name\":\"House of Strauss Wien\",\"url\":\"https:\\\/\\\/houseofstrauss.at\\\/\",\"logo\":{\"@type\":\"ImageObject\",\"inLanguage\":\"es\",\"@id\":\"https:\\\/\\\/houseofstrauss.at\\\/#\\\/schema\\\/logo\\\/image\\\/\",\"url\":\"https:\\\/\\\/houseofstrauss.at\\\/wp-content\\\/uploads\\\/2024\\\/11\\\/blue-logo.png\",\"contentUrl\":\"https:\\\/\\\/houseofstrauss.at\\\/wp-content\\\/uploads\\\/2024\\\/11\\\/blue-logo.png\",\"width\":2564,\"height\":1213,\"caption\":\"House of Strauss Wien\"},\"image\":{\"@id\":\"https:\\\/\\\/houseofstrauss.at\\\/#\\\/schema\\\/logo\\\/image\\\/\"},\"sameAs\":[\"https:\\\/\\\/www.facebook.com\\\/houseofstraussvienna\",\"https:\\\/\\\/www.instagram.com\\\/houseofstrauss_vienna\",\"https:\\\/\\\/www.tripadvisor.de\\\/Attraction_Review-g190454-d26561860-Reviews-House_Of_Strauss_Vienna-Vienna.html\",\"https:\\\/\\\/www.tiktok.com\\\/@house.of.strauss\"]}]}<\/script>\n<!-- \/ Yoast SEO plugin. -->","yoast_head_json":{"title":"Pol\u00edtica de privacidad | Casa de Strauss Viena","description":"Lee las normas de protecci\u00f3n de datos de Strauss in Vienna. Estamos comprometidos con la seguridad y la transparencia en el tratamiento de tus datos.","robots":{"index":"index","follow":"follow","max-snippet":"max-snippet:-1","max-image-preview":"max-image-preview:large","max-video-preview":"max-video-preview:-1"},"canonical":"https:\/\/houseofstrauss.at\/datenschutzerklaerung\/","og_locale":"es_ES","og_type":"article","og_title":"Pol\u00edtica de privacidad | Casa de Strauss Viena","og_description":"Lee las normas de protecci\u00f3n de datos de Strauss in Vienna. Estamos comprometidos con la seguridad y la transparencia en el tratamiento de tus datos.","og_url":"https:\/\/houseofstrauss.at\/datenschutzerklaerung\/","og_site_name":"House of Strauss Wien","article_publisher":"https:\/\/www.facebook.com\/houseofstraussvienna","article_modified_time":"2025-04-17T14:37:37+00:00","og_image":[{"width":1320,"height":1760,"url":"https:\/\/houseofstrauss.at\/wp-content\/uploads\/2024\/12\/IMG_6995.jpeg","type":"image\/jpeg"}],"twitter_card":"summary_large_image","twitter_misc":{"Tiempo de lectura":"2 minutos"},"schema":{"@context":"https:\/\/schema.org","@graph":[{"@type":"WebPage","@id":"https:\/\/houseofstrauss.at\/datenschutzerklaerung\/","url":"https:\/\/houseofstrauss.at\/datenschutzerklaerung\/","name":"Pol\u00edtica de privacidad | Casa de Strauss Viena","isPartOf":{"@id":"https:\/\/houseofstrauss.at\/#website"},"primaryImageOfPage":{"@id":"https:\/\/houseofstrauss.at\/datenschutzerklaerung\/#primaryimage"},"image":{"@id":"https:\/\/houseofstrauss.at\/datenschutzerklaerung\/#primaryimage"},"thumbnailUrl":"https:\/\/houseofstrauss.at\/wp-content\/uploads\/2024\/12\/IMG_6995.jpeg","datePublished":"2024-12-09T07:20:01+00:00","dateModified":"2025-04-17T14:37:37+00:00","description":"Lee las normas de protecci\u00f3n de datos de Strauss in Vienna. Estamos comprometidos con la seguridad y la transparencia en el tratamiento de tus datos.","breadcrumb":{"@id":"https:\/\/houseofstrauss.at\/datenschutzerklaerung\/#breadcrumb"},"inLanguage":"es","potentialAction":[{"@type":"ReadAction","target":["https:\/\/houseofstrauss.at\/datenschutzerklaerung\/"]}]},{"@type":"ImageObject","inLanguage":"es","@id":"https:\/\/houseofstrauss.at\/datenschutzerklaerung\/#primaryimage","url":"https:\/\/houseofstrauss.at\/wp-content\/uploads\/2024\/12\/IMG_6995.jpeg","contentUrl":"https:\/\/houseofstrauss.at\/wp-content\/uploads\/2024\/12\/IMG_6995.jpeg","width":1320,"height":1760,"caption":"Datenschutzerkl\u00e4rung"},{"@type":"BreadcrumbList","@id":"https:\/\/houseofstrauss.at\/datenschutzerklaerung\/#breadcrumb","itemListElement":[{"@type":"ListItem","position":1,"name":"Startseite","item":"https:\/\/houseofstrauss.at\/es\/inicio-2\/"},{"@type":"ListItem","position":2,"name":"Declaraci\u00f3n de protecci\u00f3n de datos"}]},{"@type":"WebSite","@id":"https:\/\/houseofstrauss.at\/#website","url":"https:\/\/houseofstrauss.at\/","name":"House of Strauss Wien","description":"Museum, Sehensw\u00fcrdigkeiten  Classical concerts Vienna, Live Strauss Konzerte","publisher":{"@id":"https:\/\/houseofstrauss.at\/#organization"},"potentialAction":[{"@type":"SearchAction","target":{"@type":"EntryPoint","urlTemplate":"https:\/\/houseofstrauss.at\/?s={search_term_string}"},"query-input":{"@type":"PropertyValueSpecification","valueRequired":true,"valueName":"search_term_string"}}],"inLanguage":"es"},{"@type":"Organization","@id":"https:\/\/houseofstrauss.at\/#organization","name":"House of Strauss Wien","url":"https:\/\/houseofstrauss.at\/","logo":{"@type":"ImageObject","inLanguage":"es","@id":"https:\/\/houseofstrauss.at\/#\/schema\/logo\/image\/","url":"https:\/\/houseofstrauss.at\/wp-content\/uploads\/2024\/11\/blue-logo.png","contentUrl":"https:\/\/houseofstrauss.at\/wp-content\/uploads\/2024\/11\/blue-logo.png","width":2564,"height":1213,"caption":"House of Strauss Wien"},"image":{"@id":"https:\/\/houseofstrauss.at\/#\/schema\/logo\/image\/"},"sameAs":["https:\/\/www.facebook.com\/houseofstraussvienna","https:\/\/www.instagram.com\/houseofstrauss_vienna","https:\/\/www.tripadvisor.de\/Attraction_Review-g190454-d26561860-Reviews-House_Of_Strauss_Vienna-Vienna.html","https:\/\/www.tiktok.com\/@house.of.strauss"]}]}},"_links":{"self":[{"href":"https:\/\/houseofstrauss.at\/es\/wp-json\/wp\/v2\/pages\/5618","targetHints":{"allow":["GET"]}}],"collection":[{"href":"https:\/\/houseofstrauss.at\/es\/wp-json\/wp\/v2\/pages"}],"about":[{"href":"https:\/\/houseofstrauss.at\/es\/wp-json\/wp\/v2\/types\/page"}],"author":[{"embeddable":true,"href":"https:\/\/houseofstrauss.at\/es\/wp-json\/wp\/v2\/users\/1"}],"replies":[{"embeddable":true,"href":"https:\/\/houseofstrauss.at\/es\/wp-json\/wp\/v2\/comments?post=5618"}],"version-history":[{"count":7,"href":"https:\/\/houseofstrauss.at\/es\/wp-json\/wp\/v2\/pages\/5618\/revisions"}],"predecessor-version":[{"id":9170,"href":"https:\/\/houseofstrauss.at\/es\/wp-json\/wp\/v2\/pages\/5618\/revisions\/9170"}],"wp:featuredmedia":[{"embeddable":true,"href":"https:\/\/houseofstrauss.at\/es\/wp-json\/wp\/v2\/media\/5400"}],"wp:attachment":[{"href":"https:\/\/houseofstrauss.at\/es\/wp-json\/wp\/v2\/media?parent=5618"}],"curies":[{"name":"wp","href":"https:\/\/api.w.org\/{rel}","templated":true}]}}