{"id":5649,"date":"2024-12-09T07:22:20","date_gmt":"2024-12-09T07:22:20","guid":{"rendered":"https:\/\/dev.houseofstrauss.at\/pie-de-imprenta\/"},"modified":"2026-04-06T20:13:51","modified_gmt":"2026-04-06T19:13:51","slug":"pie-de-imprenta","status":"publish","type":"page","link":"https:\/\/houseofstrauss.at\/es\/pie-de-imprenta\/","title":{"rendered":"Pie de imprenta"},"content":{"rendered":"\t\t<div data-elementor-type=\"wp-page\" data-elementor-id=\"5649\" class=\"elementor elementor-5649 elementor-5520\" data-elementor-post-type=\"page\">\n\t\t\t\t\t\t<section class=\"elementor-section elementor-top-section elementor-element elementor-element-e8d991b elementor-section-boxed elementor-section-height-default elementor-section-height-default\" data-id=\"e8d991b\" data-element_type=\"section\" data-e-type=\"section\">\n\t\t\t\t\t\t<div class=\"elementor-container elementor-column-gap-default\">\n\t\t\t\t\t<div class=\"elementor-column elementor-col-100 elementor-top-column elementor-element elementor-element-55ecd9c\" data-id=\"55ecd9c\" data-element_type=\"column\" data-e-type=\"column\">\n\t\t\t<div class=\"elementor-widget-wrap elementor-element-populated\">\n\t\t\t\t\t\t<div class=\"elementor-element elementor-element-51bcb28 elementor-widget elementor-widget-text-editor\" data-id=\"51bcb28\" data-element_type=\"widget\" data-e-type=\"widget\" data-widget_type=\"text-editor.default\">\n\t\t\t\t<div class=\"elementor-widget-container\">\n\t\t\t\t\t\t\t\t\t<p> <\/p><article class=\"flex flex-col items-center justify-center text-2xl\"><header class=\"top-[15%] z-40 flex flex-col items-center gap-2 md:top-10\"><h1 class=\"font-title mb-6 mt-14 text-center text-[38px] font-semibold leading-[48px] md:mb-10 md:mt-20 md:text-[48px] md:leading-[59px] lg:text-[54px] lg:leading-[67px]\">Pie de imprenta<\/h1><\/header><\/article><div class=\"relative mx-auto min-h-[400px] max-w-full p-5\"><div class=\"relative z-20\"><article><div><div class=\"prose prose-p:my-5 prose-p:first:pt-2 prose-strong:font-normal md:prose-strong:font-semibold lg:prose-p:my-8 prose-ul:w-[1200px] prose-ul:max-w-full prose-blockquote:w-[1200px] prose-blockquote:max-w-full md:prose-semiMobile lg:prose-desktop prose-headings:max-w-[1200px] prose-headings:mx-auto prose-p:max-w-[1200px] prose-p:mx-auto prose-ul:mx-auto prose-blockquote:mx-auto prose-li:marker:text-brand prose-headings:first:pt-7 mx-auto w-full\"><p><br><br>Residenz Z\u00f6gernitz Immobilien GmbH 1010 Viena, Schottenring 16, 3\u00aa planta, Haus der Philanthropie<\/p><p><br>ATU: 65301657 N\u00famero de registro mercantil: 119006i<\/p><h2 class=\"elementor-heading-title elementor-size-default\">Divulgaci\u00f3n seg\u00fan el art\u00edculo 25 de la Ley de Medios de Comunicaci\u00f3n<\/h2><p>El propietario de este sitio web es Residenz Z\u00f6gernitz Immobilien GmbH. Todos los contenidos de este sitio web son exclusivamente para informaci\u00f3n personal. No se permite ning\u00fan otro uso ni reproducci\u00f3n m\u00e1s all\u00e1 del uso personal. Las im\u00e1genes no pueden publicarse ni redistribuirse, ya sea con fines comerciales o de otro tipo, sin el permiso previo, expreso y por escrito del respectivo titular de los derechos de autor. Este sitio web ha sido elaborado con el mayor cuidado posible. No obstante, no podemos garantizar la correcci\u00f3n y exactitud de la informaci\u00f3n contenida y excluimos cualquier responsabilidad por da\u00f1os derivados directa o indirectamente del uso de este sitio web, a menos que se basen en dolo o negligencia grave.     <\/p><h2>COPYRIGHT<\/h2><p>Los derechos de autor de todos los documentos, planos, im\u00e1genes y dise\u00f1os gr\u00e1ficos de cualquier tipo puestos a disposici\u00f3n en este sitio web y de los materiales utilizados para los mismos corresponden exclusivamente a Residenz Z\u00f6gernitz Immobilien GmbH. Todo el contenido es s\u00f3lo para fines de informaci\u00f3n personal. No est\u00e1 permitido su uso y reproducci\u00f3n m\u00e1s all\u00e1 del uso personal. Las im\u00e1genes no pueden publicarse ni redistribuirse con fines comerciales o de otro tipo sin la autorizaci\u00f3n previa, expresa y por escrito del respectivo titular de los derechos de autor.   <\/p><h2 class=\"elementor-heading-title elementor-size-default\">INTEGRACI\u00d3N DE LA PERSPECTIVA DE G\u00c9NERO<\/h2><p>La forma masculina utilizada en este sitio web se refiere siempre por igual a las personas de sexo femenino. Se ha omitido la doble designaci\u00f3n en favor de una mejor legibilidad. <\/p><h2 class=\"elementor-heading-title elementor-size-default\">CONTENIDO<\/h2><p>Exenci\u00f3n de responsabilidad: Para los proyectos en construcci\u00f3n o en planificaci\u00f3n, en esta p\u00e1gina encontrar\u00e1s visualizaciones no vinculantes. Sujetas a cambios sin previo aviso. No se puede derivar ninguna reclamaci\u00f3n legal. Las visualizaciones no constituyen una base contractual. Las im\u00e1genes, planos de planta y vistas mostradas se basan en datos que representan el estado actual del dise\u00f1o, que puede variar en el transcurso de las fases posteriores de planificaci\u00f3n. No se asume ninguna responsabilidad por la exactitud, integridad y actualizaci\u00f3n de las im\u00e1genes y el contenido. En cuanto al mobiliario, s\u00f3lo se aplica la descripci\u00f3n del edificio y del mobiliario. El resto del mobiliario es meramente ilustrativo y no se suministra.       <\/p><\/div><\/div><\/article><\/div><\/div>\t\t\t\t\t\t\t\t<\/div>\n\t\t\t\t<\/div>\n\t\t\t\t\t<\/div>\n\t\t<\/div>\n\t\t\t\t\t<\/div>\n\t\t<\/section>\n\t\t\t\t<\/div>\n\t\t","protected":false},"excerpt":{"rendered":"<p>Pie de imprenta Residenz Z\u00f6gernitz Immobilien GmbH 1010 Viena, Schottenring 16, 3\u00aa planta, Haus der Philanthropie ATU: 65301657 N\u00famero de registro mercantil: 119006i Divulgaci\u00f3n seg\u00fan el art\u00edculo 25 de la [&hellip;]<\/p>\n","protected":false},"author":1,"featured_media":0,"parent":0,"menu_order":0,"comment_status":"closed","ping_status":"closed","template":"","meta":{"footnotes":""},"class_list":["post-5649","page","type-page","status-publish","hentry"],"yoast_head":"<!-- This site is optimized with the Yoast SEO plugin v27.5 - https:\/\/yoast.com\/product\/yoast-seo-wordpress\/ -->\n<title>Pie de imprenta - House of Strauss Wien<\/title>\n<meta name=\"robots\" content=\"index, follow, max-snippet:-1, max-image-preview:large, max-video-preview:-1\" \/>\n<link rel=\"canonical\" href=\"https:\/\/houseofstrauss.at\/impressum\/\" \/>\n<meta property=\"og:locale\" content=\"es_ES\" \/>\n<meta property=\"og:type\" content=\"article\" \/>\n<meta property=\"og:title\" content=\"Pie de imprenta - House of Strauss Wien\" \/>\n<meta property=\"og:description\" content=\"Pie de imprenta Residenz Z\u00f6gernitz Immobilien GmbH 1010 Viena, Schottenring 16, 3\u00aa planta, Haus der Philanthropie ATU: 65301657 N\u00famero de registro mercantil: 119006i Divulgaci\u00f3n seg\u00fan el art\u00edculo 25 de la [&hellip;]\" \/>\n<meta property=\"og:url\" content=\"https:\/\/houseofstrauss.at\/impressum\/\" \/>\n<meta property=\"og:site_name\" content=\"House of Strauss Wien\" \/>\n<meta property=\"article:publisher\" content=\"https:\/\/www.facebook.com\/houseofstraussvienna\" \/>\n<meta property=\"article:modified_time\" content=\"2026-04-06T19:13:51+00:00\" \/>\n<meta name=\"twitter:card\" content=\"summary_large_image\" \/>\n<meta name=\"twitter:label1\" content=\"Tiempo de lectura\" \/>\n\t<meta name=\"twitter:data1\" content=\"2 minutos\" \/>\n<script type=\"application\/ld+json\" class=\"yoast-schema-graph\">{\"@context\":\"https:\\\/\\\/schema.org\",\"@graph\":[{\"@type\":\"WebPage\",\"@id\":\"https:\\\/\\\/houseofstrauss.at\\\/impressum\\\/\",\"url\":\"https:\\\/\\\/houseofstrauss.at\\\/impressum\\\/\",\"name\":\"Pie de imprenta - House of Strauss Wien\",\"isPartOf\":{\"@id\":\"https:\\\/\\\/houseofstrauss.at\\\/#website\"},\"datePublished\":\"2024-12-09T07:22:20+00:00\",\"dateModified\":\"2026-04-06T19:13:51+00:00\",\"breadcrumb\":{\"@id\":\"https:\\\/\\\/houseofstrauss.at\\\/impressum\\\/#breadcrumb\"},\"inLanguage\":\"es\",\"potentialAction\":[{\"@type\":\"ReadAction\",\"target\":[\"https:\\\/\\\/houseofstrauss.at\\\/impressum\\\/\"]}]},{\"@type\":\"BreadcrumbList\",\"@id\":\"https:\\\/\\\/houseofstrauss.at\\\/impressum\\\/#breadcrumb\",\"itemListElement\":[{\"@type\":\"ListItem\",\"position\":1,\"name\":\"Startseite\",\"item\":\"https:\\\/\\\/houseofstrauss.at\\\/es\\\/inicio-2\\\/\"},{\"@type\":\"ListItem\",\"position\":2,\"name\":\"Pie de imprenta\"}]},{\"@type\":\"WebSite\",\"@id\":\"https:\\\/\\\/houseofstrauss.at\\\/#website\",\"url\":\"https:\\\/\\\/houseofstrauss.at\\\/\",\"name\":\"House of Strauss Wien\",\"description\":\"Museum, Sehensw\u00fcrdigkeiten  Classical concerts Vienna, Live Strauss Konzerte\",\"publisher\":{\"@id\":\"https:\\\/\\\/houseofstrauss.at\\\/#organization\"},\"potentialAction\":[{\"@type\":\"SearchAction\",\"target\":{\"@type\":\"EntryPoint\",\"urlTemplate\":\"https:\\\/\\\/houseofstrauss.at\\\/?s={search_term_string}\"},\"query-input\":{\"@type\":\"PropertyValueSpecification\",\"valueRequired\":true,\"valueName\":\"search_term_string\"}}],\"inLanguage\":\"es\"},{\"@type\":\"Organization\",\"@id\":\"https:\\\/\\\/houseofstrauss.at\\\/#organization\",\"name\":\"House of Strauss Wien\",\"url\":\"https:\\\/\\\/houseofstrauss.at\\\/\",\"logo\":{\"@type\":\"ImageObject\",\"inLanguage\":\"es\",\"@id\":\"https:\\\/\\\/houseofstrauss.at\\\/#\\\/schema\\\/logo\\\/image\\\/\",\"url\":\"https:\\\/\\\/houseofstrauss.at\\\/wp-content\\\/uploads\\\/2024\\\/11\\\/blue-logo.png\",\"contentUrl\":\"https:\\\/\\\/houseofstrauss.at\\\/wp-content\\\/uploads\\\/2024\\\/11\\\/blue-logo.png\",\"width\":2564,\"height\":1213,\"caption\":\"House of Strauss Wien\"},\"image\":{\"@id\":\"https:\\\/\\\/houseofstrauss.at\\\/#\\\/schema\\\/logo\\\/image\\\/\"},\"sameAs\":[\"https:\\\/\\\/www.facebook.com\\\/houseofstraussvienna\",\"https:\\\/\\\/www.instagram.com\\\/houseofstrauss_vienna\",\"https:\\\/\\\/www.tripadvisor.de\\\/Attraction_Review-g190454-d26561860-Reviews-House_Of_Strauss_Vienna-Vienna.html\",\"https:\\\/\\\/www.tiktok.com\\\/@house.of.strauss\"]}]}<\/script>\n<!-- \/ Yoast SEO plugin. -->","yoast_head_json":{"title":"Pie de imprenta - House of Strauss Wien","robots":{"index":"index","follow":"follow","max-snippet":"max-snippet:-1","max-image-preview":"max-image-preview:large","max-video-preview":"max-video-preview:-1"},"canonical":"https:\/\/houseofstrauss.at\/impressum\/","og_locale":"es_ES","og_type":"article","og_title":"Pie de imprenta - House of Strauss Wien","og_description":"Pie de imprenta Residenz Z\u00f6gernitz Immobilien GmbH 1010 Viena, Schottenring 16, 3\u00aa planta, Haus der Philanthropie ATU: 65301657 N\u00famero de registro mercantil: 119006i Divulgaci\u00f3n seg\u00fan el art\u00edculo 25 de la [&hellip;]","og_url":"https:\/\/houseofstrauss.at\/impressum\/","og_site_name":"House of Strauss Wien","article_publisher":"https:\/\/www.facebook.com\/houseofstraussvienna","article_modified_time":"2026-04-06T19:13:51+00:00","twitter_card":"summary_large_image","twitter_misc":{"Tiempo de lectura":"2 minutos"},"schema":{"@context":"https:\/\/schema.org","@graph":[{"@type":"WebPage","@id":"https:\/\/houseofstrauss.at\/impressum\/","url":"https:\/\/houseofstrauss.at\/impressum\/","name":"Pie de imprenta - House of Strauss Wien","isPartOf":{"@id":"https:\/\/houseofstrauss.at\/#website"},"datePublished":"2024-12-09T07:22:20+00:00","dateModified":"2026-04-06T19:13:51+00:00","breadcrumb":{"@id":"https:\/\/houseofstrauss.at\/impressum\/#breadcrumb"},"inLanguage":"es","potentialAction":[{"@type":"ReadAction","target":["https:\/\/houseofstrauss.at\/impressum\/"]}]},{"@type":"BreadcrumbList","@id":"https:\/\/houseofstrauss.at\/impressum\/#breadcrumb","itemListElement":[{"@type":"ListItem","position":1,"name":"Startseite","item":"https:\/\/houseofstrauss.at\/es\/inicio-2\/"},{"@type":"ListItem","position":2,"name":"Pie de imprenta"}]},{"@type":"WebSite","@id":"https:\/\/houseofstrauss.at\/#website","url":"https:\/\/houseofstrauss.at\/","name":"House of Strauss Wien","description":"Museum, Sehensw\u00fcrdigkeiten  Classical concerts Vienna, Live Strauss Konzerte","publisher":{"@id":"https:\/\/houseofstrauss.at\/#organization"},"potentialAction":[{"@type":"SearchAction","target":{"@type":"EntryPoint","urlTemplate":"https:\/\/houseofstrauss.at\/?s={search_term_string}"},"query-input":{"@type":"PropertyValueSpecification","valueRequired":true,"valueName":"search_term_string"}}],"inLanguage":"es"},{"@type":"Organization","@id":"https:\/\/houseofstrauss.at\/#organization","name":"House of Strauss Wien","url":"https:\/\/houseofstrauss.at\/","logo":{"@type":"ImageObject","inLanguage":"es","@id":"https:\/\/houseofstrauss.at\/#\/schema\/logo\/image\/","url":"https:\/\/houseofstrauss.at\/wp-content\/uploads\/2024\/11\/blue-logo.png","contentUrl":"https:\/\/houseofstrauss.at\/wp-content\/uploads\/2024\/11\/blue-logo.png","width":2564,"height":1213,"caption":"House of Strauss Wien"},"image":{"@id":"https:\/\/houseofstrauss.at\/#\/schema\/logo\/image\/"},"sameAs":["https:\/\/www.facebook.com\/houseofstraussvienna","https:\/\/www.instagram.com\/houseofstrauss_vienna","https:\/\/www.tripadvisor.de\/Attraction_Review-g190454-d26561860-Reviews-House_Of_Strauss_Vienna-Vienna.html","https:\/\/www.tiktok.com\/@house.of.strauss"]}]}},"_links":{"self":[{"href":"https:\/\/houseofstrauss.at\/es\/wp-json\/wp\/v2\/pages\/5649","targetHints":{"allow":["GET"]}}],"collection":[{"href":"https:\/\/houseofstrauss.at\/es\/wp-json\/wp\/v2\/pages"}],"about":[{"href":"https:\/\/houseofstrauss.at\/es\/wp-json\/wp\/v2\/types\/page"}],"author":[{"embeddable":true,"href":"https:\/\/houseofstrauss.at\/es\/wp-json\/wp\/v2\/users\/1"}],"replies":[{"embeddable":true,"href":"https:\/\/houseofstrauss.at\/es\/wp-json\/wp\/v2\/comments?post=5649"}],"version-history":[{"count":3,"href":"https:\/\/houseofstrauss.at\/es\/wp-json\/wp\/v2\/pages\/5649\/revisions"}],"predecessor-version":[{"id":13067,"href":"https:\/\/houseofstrauss.at\/es\/wp-json\/wp\/v2\/pages\/5649\/revisions\/13067"}],"wp:attachment":[{"href":"https:\/\/houseofstrauss.at\/es\/wp-json\/wp\/v2\/media?parent=5649"}],"curies":[{"name":"wp","href":"https:\/\/api.w.org\/{rel}","templated":true}]}}