{"id":5627,"date":"2024-12-09T07:20:01","date_gmt":"2024-12-09T07:20:01","guid":{"rendered":"https:\/\/dev.houseofstrauss.at\/declaration-de-confidentialite\/"},"modified":"2025-04-17T15:37:37","modified_gmt":"2025-04-17T14:37:37","slug":"declaration-de-confidentialite","status":"publish","type":"page","link":"https:\/\/houseofstrauss.at\/fr\/declaration-de-confidentialite\/","title":{"rendered":"D\u00e9claration de confidentialit\u00e9"},"content":{"rendered":"\t\t<div data-elementor-type=\"wp-page\" data-elementor-id=\"5627\" class=\"elementor elementor-5627 elementor-5515\" data-elementor-post-type=\"page\">\n\t\t\t\t\t\t<section class=\"elementor-section elementor-top-section elementor-element elementor-element-f155474 elementor-section-boxed elementor-section-height-default elementor-section-height-default\" data-id=\"f155474\" data-element_type=\"section\" data-e-type=\"section\">\n\t\t\t\t\t\t<div class=\"elementor-container elementor-column-gap-default\">\n\t\t\t\t\t<div class=\"elementor-column elementor-col-100 elementor-top-column elementor-element elementor-element-de74674\" data-id=\"de74674\" data-element_type=\"column\" data-e-type=\"column\">\n\t\t\t<div class=\"elementor-widget-wrap elementor-element-populated\">\n\t\t\t\t\t\t<div class=\"elementor-element elementor-element-14bf7a0 elementor-widget elementor-widget-text-editor\" data-id=\"14bf7a0\" data-element_type=\"widget\" data-e-type=\"widget\" data-widget_type=\"text-editor.default\">\n\t\t\t\t<div class=\"elementor-widget-container\">\n\t\t\t\t\t\t\t\t\t<article class=\"flex flex-col items-center justify-center text-2xl\"><h2> <\/h2><h1>D\u00e9claration RGPD<\/h1><div class=\"relative mx-auto min-h-[400px] max-w-full p-5\"><div class=\"relative z-20\"><article><div><div class=\"prose prose-p:my-5 prose-p:first:pt-2 prose-strong:font-normal md:prose-strong:font-semibold lg:prose-p:my-8 prose-ul:w-[1200px] prose-ul:max-w-full prose-blockquote:w-[1200px] prose-blockquote:max-w-full md:prose-semiMobile lg:prose-desktop prose-headings:max-w-[1200px] prose-headings:mx-auto prose-p:max-w-[1200px] prose-p:mx-auto prose-ul:mx-auto prose-blockquote:mx-auto prose-li:marker:text-brand prose-headings:first:pt-7 mx-auto w-full\"><p>La protection de vos donn\u00e9es personnelles nous tient particuli\u00e8rement \u00e0 c\u0153ur. Nous traitons donc vos donn\u00e9es exclusivement sur la base des dispositions l\u00e9gales (RGPD, TKG 2003). Dans cette information sur la protection des donn\u00e9es, nous vous informons sur les principaux aspects du traitement des donn\u00e9es dans le cadre de notre site web.    <a href=\"https:\/\/houseofstrauss.at\/fr\/\">Maison de l&rsquo;autruche.<\/a><\/p><h3>Nous contacter<\/h3><p>Si vous nous contactez par e-mail via le site web, les donn\u00e9es que vous avez fournies seront conserv\u00e9es pendant six mois pour le traitement de votre demande et en cas de questions de suivi. Nous ne transmettons pas ces donn\u00e9es sans votre consentement. <\/p><p>Nous utilisons les donn\u00e9es personnelles que vous nous transmettez via le formulaire de contact de notre site web uniquement pour traiter votre demande et remplir ainsi nos obligations (pr\u00e9)contractuelles.Newsletter : Si vous avez donn\u00e9 votre accord, nous utilisons les donn\u00e9es personnelles (nom et adresse e-mail) que vous avez communiqu\u00e9es dans le cadre de l&rsquo;inscription \u00e0 la newsletter aux fins de marketing direct suivantes : en cliquant sur le bouton \u00ab\u00a0Envoyer\u00a0\u00bb dans le cadre de l&rsquo;inscription \u00e0 la newsletter, vous acceptez que les donn\u00e9es personnelles que vous avez volontairement mises \u00e0 disposition (nom et adresse e-mail) soient trait\u00e9es par nos soins \u00e0 des fins d&rsquo;envoi de newsletters sur notre projet actuel, d&rsquo;informations marketing et d&rsquo;informations sur les produits en rapport avec nos services par e-mail.<\/p><h3>Cookies<\/h3><p>Notre site web utilise des cookies. Il s&rsquo;agit de petits fichiers texte qui sont d\u00e9pos\u00e9s sur votre terminal \u00e0 l&rsquo;aide du navigateur et qui ne causent aucun dommage. Ils ne causent aucun dommage et nous les utilisons pour rendre notre offre plus conviviale. Certains cookies restent enregistr\u00e9s sur votre terminal jusqu&rsquo;\u00e0 ce que vous les supprimiez. Ils nous permettent de reconna\u00eetre votre navigateur lors de votre prochaine visite. Si vous ne le souhaitez pas, vous pouvez configurer votre navigateur de mani\u00e8re \u00e0 ce qu&rsquo;il vous informe de l&rsquo;installation de cookies et que vous ne l&rsquo;autorisiez qu&rsquo;au cas par cas. Si vous d\u00e9sactivez les cookies, la fonctionnalit\u00e9 de notre site web peut \u00eatre limit\u00e9e.     <\/p><h3>Analyse du web<\/h3><p>Lorsque vous acc\u00e9dez \u00e0 notre site web, une entr\u00e9e standard est effectu\u00e9e dans le fichier journal du serveur web, ce qui est techniquement n\u00e9cessaire pour maintenir le fonctionnement. Les fichiers journaux sont analys\u00e9s de mani\u00e8re non publique et sur la base d&rsquo;adresses IP pseudonymis\u00e9es, sans qu&rsquo;il soit possible d&rsquo;identifier des personnes, \u00e0 l&rsquo;aide d&rsquo;un outil appropri\u00e9, afin de pouvoir \u00e9valuer les performances du site web. <\/p><h3>Vos droits<\/h3><p>Vous disposez en principe des droits d&rsquo;acc\u00e8s, de rectification, d&rsquo;effacement, de limitation, de portabilit\u00e9 des donn\u00e9es, de r\u00e9vocation et d&rsquo;opposition. Si vous pensez que le traitement de vos donn\u00e9es enfreint la l\u00e9gislation sur la protection des donn\u00e9es ou que vos droits en mati\u00e8re de protection des donn\u00e9es ont \u00e9t\u00e9 viol\u00e9s d&rsquo;une autre mani\u00e8re, vous pouvez d\u00e9poser une plainte aupr\u00e8s de l&rsquo;autorit\u00e9 de surveillance. En Autriche, il s&rsquo;agit de l&rsquo;autorit\u00e9 de protection des donn\u00e9es.  <\/p><\/div><\/div><\/article><\/div><\/div><\/article>\t\t\t\t\t\t\t\t<\/div>\n\t\t\t\t<\/div>\n\t\t\t\t\t<\/div>\n\t\t<\/div>\n\t\t\t\t\t<\/div>\n\t\t<\/section>\n\t\t\t\t<section class=\"elementor-section elementor-top-section elementor-element elementor-element-b5513a6 elementor-section-boxed elementor-section-height-default elementor-section-height-default\" data-id=\"b5513a6\" data-element_type=\"section\" data-e-type=\"section\">\n\t\t\t\t\t\t<div class=\"elementor-container elementor-column-gap-default\">\n\t\t\t\t\t<div class=\"elementor-column elementor-col-100 elementor-top-column elementor-element elementor-element-58bdacd\" data-id=\"58bdacd\" data-element_type=\"column\" data-e-type=\"column\">\n\t\t\t<div class=\"elementor-widget-wrap\">\n\t\t\t\t\t\t\t<\/div>\n\t\t<\/div>\n\t\t\t\t\t<\/div>\n\t\t<\/section>\n\t\t\t\t<\/div>\n\t\t","protected":false},"excerpt":{"rendered":"<p>D\u00e9claration RGPD La protection de vos donn\u00e9es personnelles nous tient particuli\u00e8rement \u00e0 c\u0153ur. Nous traitons donc vos donn\u00e9es exclusivement sur la base des dispositions l\u00e9gales (RGPD, TKG 2003). Dans cette [&hellip;]<\/p>\n","protected":false},"author":1,"featured_media":5397,"parent":0,"menu_order":0,"comment_status":"closed","ping_status":"closed","template":"","meta":{"footnotes":""},"class_list":["post-5627","page","type-page","status-publish","has-post-thumbnail","hentry"],"yoast_head":"<!-- This site is optimized with the Yoast SEO plugin v27.5 - https:\/\/yoast.com\/product\/yoast-seo-wordpress\/ -->\n<title>D\u00e9claration de confidentialit\u00e9 | House of Strauss Vienne<\/title>\n<meta name=\"description\" content=\"Lisez la politique de confidentialit\u00e9 de la maison Strauss \u00e0 Vienne. Nous nous engageons \u00e0 assurer la s\u00e9curit\u00e9 et la transparence dans le traitement de vos donn\u00e9es.\" \/>\n<meta name=\"robots\" content=\"index, follow, max-snippet:-1, max-image-preview:large, max-video-preview:-1\" \/>\n<link rel=\"canonical\" href=\"https:\/\/houseofstrauss.at\/datenschutzerklaerung\/\" \/>\n<meta property=\"og:locale\" content=\"fr_FR\" \/>\n<meta property=\"og:type\" content=\"article\" \/>\n<meta property=\"og:title\" content=\"D\u00e9claration de confidentialit\u00e9 | House of Strauss Vienne\" \/>\n<meta property=\"og:description\" content=\"Lisez la politique de confidentialit\u00e9 de la maison Strauss \u00e0 Vienne. Nous nous engageons \u00e0 assurer la s\u00e9curit\u00e9 et la transparence dans le traitement de vos donn\u00e9es.\" \/>\n<meta property=\"og:url\" content=\"https:\/\/houseofstrauss.at\/datenschutzerklaerung\/\" \/>\n<meta property=\"og:site_name\" content=\"House of Strauss Wien\" \/>\n<meta property=\"article:publisher\" content=\"https:\/\/www.facebook.com\/houseofstraussvienna\" \/>\n<meta property=\"article:modified_time\" content=\"2025-04-17T14:37:37+00:00\" \/>\n<meta property=\"og:image\" content=\"https:\/\/houseofstrauss.at\/wp-content\/uploads\/2024\/12\/IMG_6995.jpeg\" \/>\n\t<meta property=\"og:image:width\" content=\"1320\" \/>\n\t<meta property=\"og:image:height\" content=\"1760\" \/>\n\t<meta property=\"og:image:type\" content=\"image\/jpeg\" \/>\n<meta name=\"twitter:card\" content=\"summary_large_image\" \/>\n<meta name=\"twitter:label1\" content=\"Dur\u00e9e de lecture estim\u00e9e\" \/>\n\t<meta name=\"twitter:data1\" content=\"3 minutes\" \/>\n<script type=\"application\/ld+json\" class=\"yoast-schema-graph\">{\"@context\":\"https:\\\/\\\/schema.org\",\"@graph\":[{\"@type\":\"WebPage\",\"@id\":\"https:\\\/\\\/houseofstrauss.at\\\/datenschutzerklaerung\\\/\",\"url\":\"https:\\\/\\\/houseofstrauss.at\\\/datenschutzerklaerung\\\/\",\"name\":\"D\u00e9claration de confidentialit\u00e9 | House of Strauss Vienne\",\"isPartOf\":{\"@id\":\"https:\\\/\\\/houseofstrauss.at\\\/#website\"},\"primaryImageOfPage\":{\"@id\":\"https:\\\/\\\/houseofstrauss.at\\\/datenschutzerklaerung\\\/#primaryimage\"},\"image\":{\"@id\":\"https:\\\/\\\/houseofstrauss.at\\\/datenschutzerklaerung\\\/#primaryimage\"},\"thumbnailUrl\":\"https:\\\/\\\/houseofstrauss.at\\\/wp-content\\\/uploads\\\/2024\\\/12\\\/IMG_6995.jpeg\",\"datePublished\":\"2024-12-09T07:20:01+00:00\",\"dateModified\":\"2025-04-17T14:37:37+00:00\",\"description\":\"Lisez la politique de confidentialit\u00e9 de la maison Strauss \u00e0 Vienne. Nous nous engageons \u00e0 assurer la s\u00e9curit\u00e9 et la transparence dans le traitement de vos donn\u00e9es.\",\"breadcrumb\":{\"@id\":\"https:\\\/\\\/houseofstrauss.at\\\/datenschutzerklaerung\\\/#breadcrumb\"},\"inLanguage\":\"fr-FR\",\"potentialAction\":[{\"@type\":\"ReadAction\",\"target\":[\"https:\\\/\\\/houseofstrauss.at\\\/datenschutzerklaerung\\\/\"]}]},{\"@type\":\"ImageObject\",\"inLanguage\":\"fr-FR\",\"@id\":\"https:\\\/\\\/houseofstrauss.at\\\/datenschutzerklaerung\\\/#primaryimage\",\"url\":\"https:\\\/\\\/houseofstrauss.at\\\/wp-content\\\/uploads\\\/2024\\\/12\\\/IMG_6995.jpeg\",\"contentUrl\":\"https:\\\/\\\/houseofstrauss.at\\\/wp-content\\\/uploads\\\/2024\\\/12\\\/IMG_6995.jpeg\",\"width\":1320,\"height\":1760,\"caption\":\"Datenschutzerkl\u00e4rung\"},{\"@type\":\"BreadcrumbList\",\"@id\":\"https:\\\/\\\/houseofstrauss.at\\\/datenschutzerklaerung\\\/#breadcrumb\",\"itemListElement\":[{\"@type\":\"ListItem\",\"position\":1,\"name\":\"Startseite\",\"item\":\"https:\\\/\\\/houseofstrauss.at\\\/fr\\\/accueil-2\\\/\"},{\"@type\":\"ListItem\",\"position\":2,\"name\":\"D\u00e9claration de confidentialit\u00e9\"}]},{\"@type\":\"WebSite\",\"@id\":\"https:\\\/\\\/houseofstrauss.at\\\/#website\",\"url\":\"https:\\\/\\\/houseofstrauss.at\\\/\",\"name\":\"House of Strauss Wien\",\"description\":\"Museum, Sehensw\u00fcrdigkeiten  Classical concerts Vienna, Live Strauss Konzerte\",\"publisher\":{\"@id\":\"https:\\\/\\\/houseofstrauss.at\\\/#organization\"},\"potentialAction\":[{\"@type\":\"SearchAction\",\"target\":{\"@type\":\"EntryPoint\",\"urlTemplate\":\"https:\\\/\\\/houseofstrauss.at\\\/?s={search_term_string}\"},\"query-input\":{\"@type\":\"PropertyValueSpecification\",\"valueRequired\":true,\"valueName\":\"search_term_string\"}}],\"inLanguage\":\"fr-FR\"},{\"@type\":\"Organization\",\"@id\":\"https:\\\/\\\/houseofstrauss.at\\\/#organization\",\"name\":\"House of Strauss Wien\",\"url\":\"https:\\\/\\\/houseofstrauss.at\\\/\",\"logo\":{\"@type\":\"ImageObject\",\"inLanguage\":\"fr-FR\",\"@id\":\"https:\\\/\\\/houseofstrauss.at\\\/#\\\/schema\\\/logo\\\/image\\\/\",\"url\":\"https:\\\/\\\/houseofstrauss.at\\\/wp-content\\\/uploads\\\/2024\\\/11\\\/blue-logo.png\",\"contentUrl\":\"https:\\\/\\\/houseofstrauss.at\\\/wp-content\\\/uploads\\\/2024\\\/11\\\/blue-logo.png\",\"width\":2564,\"height\":1213,\"caption\":\"House of Strauss Wien\"},\"image\":{\"@id\":\"https:\\\/\\\/houseofstrauss.at\\\/#\\\/schema\\\/logo\\\/image\\\/\"},\"sameAs\":[\"https:\\\/\\\/www.facebook.com\\\/houseofstraussvienna\",\"https:\\\/\\\/www.instagram.com\\\/houseofstrauss_vienna\",\"https:\\\/\\\/www.tripadvisor.de\\\/Attraction_Review-g190454-d26561860-Reviews-House_Of_Strauss_Vienna-Vienna.html\",\"https:\\\/\\\/www.tiktok.com\\\/@house.of.strauss\"]}]}<\/script>\n<!-- \/ Yoast SEO plugin. -->","yoast_head_json":{"title":"D\u00e9claration de confidentialit\u00e9 | House of Strauss Vienne","description":"Lisez la politique de confidentialit\u00e9 de la maison Strauss \u00e0 Vienne. Nous nous engageons \u00e0 assurer la s\u00e9curit\u00e9 et la transparence dans le traitement de vos donn\u00e9es.","robots":{"index":"index","follow":"follow","max-snippet":"max-snippet:-1","max-image-preview":"max-image-preview:large","max-video-preview":"max-video-preview:-1"},"canonical":"https:\/\/houseofstrauss.at\/datenschutzerklaerung\/","og_locale":"fr_FR","og_type":"article","og_title":"D\u00e9claration de confidentialit\u00e9 | House of Strauss Vienne","og_description":"Lisez la politique de confidentialit\u00e9 de la maison Strauss \u00e0 Vienne. Nous nous engageons \u00e0 assurer la s\u00e9curit\u00e9 et la transparence dans le traitement de vos donn\u00e9es.","og_url":"https:\/\/houseofstrauss.at\/datenschutzerklaerung\/","og_site_name":"House of Strauss Wien","article_publisher":"https:\/\/www.facebook.com\/houseofstraussvienna","article_modified_time":"2025-04-17T14:37:37+00:00","og_image":[{"width":1320,"height":1760,"url":"https:\/\/houseofstrauss.at\/wp-content\/uploads\/2024\/12\/IMG_6995.jpeg","type":"image\/jpeg"}],"twitter_card":"summary_large_image","twitter_misc":{"Dur\u00e9e de lecture estim\u00e9e":"3 minutes"},"schema":{"@context":"https:\/\/schema.org","@graph":[{"@type":"WebPage","@id":"https:\/\/houseofstrauss.at\/datenschutzerklaerung\/","url":"https:\/\/houseofstrauss.at\/datenschutzerklaerung\/","name":"D\u00e9claration de confidentialit\u00e9 | House of Strauss Vienne","isPartOf":{"@id":"https:\/\/houseofstrauss.at\/#website"},"primaryImageOfPage":{"@id":"https:\/\/houseofstrauss.at\/datenschutzerklaerung\/#primaryimage"},"image":{"@id":"https:\/\/houseofstrauss.at\/datenschutzerklaerung\/#primaryimage"},"thumbnailUrl":"https:\/\/houseofstrauss.at\/wp-content\/uploads\/2024\/12\/IMG_6995.jpeg","datePublished":"2024-12-09T07:20:01+00:00","dateModified":"2025-04-17T14:37:37+00:00","description":"Lisez la politique de confidentialit\u00e9 de la maison Strauss \u00e0 Vienne. Nous nous engageons \u00e0 assurer la s\u00e9curit\u00e9 et la transparence dans le traitement de vos donn\u00e9es.","breadcrumb":{"@id":"https:\/\/houseofstrauss.at\/datenschutzerklaerung\/#breadcrumb"},"inLanguage":"fr-FR","potentialAction":[{"@type":"ReadAction","target":["https:\/\/houseofstrauss.at\/datenschutzerklaerung\/"]}]},{"@type":"ImageObject","inLanguage":"fr-FR","@id":"https:\/\/houseofstrauss.at\/datenschutzerklaerung\/#primaryimage","url":"https:\/\/houseofstrauss.at\/wp-content\/uploads\/2024\/12\/IMG_6995.jpeg","contentUrl":"https:\/\/houseofstrauss.at\/wp-content\/uploads\/2024\/12\/IMG_6995.jpeg","width":1320,"height":1760,"caption":"Datenschutzerkl\u00e4rung"},{"@type":"BreadcrumbList","@id":"https:\/\/houseofstrauss.at\/datenschutzerklaerung\/#breadcrumb","itemListElement":[{"@type":"ListItem","position":1,"name":"Startseite","item":"https:\/\/houseofstrauss.at\/fr\/accueil-2\/"},{"@type":"ListItem","position":2,"name":"D\u00e9claration de confidentialit\u00e9"}]},{"@type":"WebSite","@id":"https:\/\/houseofstrauss.at\/#website","url":"https:\/\/houseofstrauss.at\/","name":"House of Strauss Wien","description":"Museum, Sehensw\u00fcrdigkeiten  Classical concerts Vienna, Live Strauss Konzerte","publisher":{"@id":"https:\/\/houseofstrauss.at\/#organization"},"potentialAction":[{"@type":"SearchAction","target":{"@type":"EntryPoint","urlTemplate":"https:\/\/houseofstrauss.at\/?s={search_term_string}"},"query-input":{"@type":"PropertyValueSpecification","valueRequired":true,"valueName":"search_term_string"}}],"inLanguage":"fr-FR"},{"@type":"Organization","@id":"https:\/\/houseofstrauss.at\/#organization","name":"House of Strauss Wien","url":"https:\/\/houseofstrauss.at\/","logo":{"@type":"ImageObject","inLanguage":"fr-FR","@id":"https:\/\/houseofstrauss.at\/#\/schema\/logo\/image\/","url":"https:\/\/houseofstrauss.at\/wp-content\/uploads\/2024\/11\/blue-logo.png","contentUrl":"https:\/\/houseofstrauss.at\/wp-content\/uploads\/2024\/11\/blue-logo.png","width":2564,"height":1213,"caption":"House of Strauss Wien"},"image":{"@id":"https:\/\/houseofstrauss.at\/#\/schema\/logo\/image\/"},"sameAs":["https:\/\/www.facebook.com\/houseofstraussvienna","https:\/\/www.instagram.com\/houseofstrauss_vienna","https:\/\/www.tripadvisor.de\/Attraction_Review-g190454-d26561860-Reviews-House_Of_Strauss_Vienna-Vienna.html","https:\/\/www.tiktok.com\/@house.of.strauss"]}]}},"_links":{"self":[{"href":"https:\/\/houseofstrauss.at\/fr\/wp-json\/wp\/v2\/pages\/5627","targetHints":{"allow":["GET"]}}],"collection":[{"href":"https:\/\/houseofstrauss.at\/fr\/wp-json\/wp\/v2\/pages"}],"about":[{"href":"https:\/\/houseofstrauss.at\/fr\/wp-json\/wp\/v2\/types\/page"}],"author":[{"embeddable":true,"href":"https:\/\/houseofstrauss.at\/fr\/wp-json\/wp\/v2\/users\/1"}],"replies":[{"embeddable":true,"href":"https:\/\/houseofstrauss.at\/fr\/wp-json\/wp\/v2\/comments?post=5627"}],"version-history":[{"count":7,"href":"https:\/\/houseofstrauss.at\/fr\/wp-json\/wp\/v2\/pages\/5627\/revisions"}],"predecessor-version":[{"id":9172,"href":"https:\/\/houseofstrauss.at\/fr\/wp-json\/wp\/v2\/pages\/5627\/revisions\/9172"}],"wp:featuredmedia":[{"embeddable":true,"href":"https:\/\/houseofstrauss.at\/fr\/wp-json\/wp\/v2\/media\/5397"}],"wp:attachment":[{"href":"https:\/\/houseofstrauss.at\/fr\/wp-json\/wp\/v2\/media?parent=5627"}],"curies":[{"name":"wp","href":"https:\/\/api.w.org\/{rel}","templated":true}]}}