{"id":5637,"date":"2024-12-09T07:22:20","date_gmt":"2024-12-09T07:22:20","guid":{"rendered":"https:\/\/dev.houseofstrauss.at\/mentions-legales\/"},"modified":"2026-04-06T20:13:51","modified_gmt":"2026-04-06T19:13:51","slug":"mentions-legales","status":"publish","type":"page","link":"https:\/\/houseofstrauss.at\/fr\/mentions-legales\/","title":{"rendered":"Mentions l\u00e9gales"},"content":{"rendered":"\t\t<div data-elementor-type=\"wp-page\" data-elementor-id=\"5637\" class=\"elementor elementor-5637 elementor-5520\" data-elementor-post-type=\"page\">\n\t\t\t\t\t\t<section class=\"elementor-section elementor-top-section elementor-element elementor-element-e8d991b elementor-section-boxed elementor-section-height-default elementor-section-height-default\" data-id=\"e8d991b\" data-element_type=\"section\" data-e-type=\"section\">\n\t\t\t\t\t\t<div class=\"elementor-container elementor-column-gap-default\">\n\t\t\t\t\t<div class=\"elementor-column elementor-col-100 elementor-top-column elementor-element elementor-element-55ecd9c\" data-id=\"55ecd9c\" data-element_type=\"column\" data-e-type=\"column\">\n\t\t\t<div class=\"elementor-widget-wrap elementor-element-populated\">\n\t\t\t\t\t\t<div class=\"elementor-element elementor-element-51bcb28 elementor-widget elementor-widget-text-editor\" data-id=\"51bcb28\" data-element_type=\"widget\" data-e-type=\"widget\" data-widget_type=\"text-editor.default\">\n\t\t\t\t<div class=\"elementor-widget-container\">\n\t\t\t\t\t\t\t\t\t<p> <\/p><article class=\"flex flex-col items-center justify-center text-2xl\"><header class=\"top-[15%] z-40 flex flex-col items-center gap-2 md:top-10\"><h1 class=\"font-title mb-6 mt-14 text-center text-[38px] font-semibold leading-[48px] md:mb-10 md:mt-20 md:text-[48px] md:leading-[59px] lg:text-[54px] lg:leading-[67px]\">Mentions l\u00e9gales<\/h1><\/header><\/article><div class=\"relative mx-auto min-h-[400px] max-w-full p-5\"><div class=\"relative z-20\"><article><div><div class=\"prose prose-p:my-5 prose-p:first:pt-2 prose-strong:font-normal md:prose-strong:font-semibold lg:prose-p:my-8 prose-ul:w-[1200px] prose-ul:max-w-full prose-blockquote:w-[1200px] prose-blockquote:max-w-full md:prose-semiMobile lg:prose-desktop prose-headings:max-w-[1200px] prose-headings:mx-auto prose-p:max-w-[1200px] prose-p:mx-auto prose-ul:mx-auto prose-blockquote:mx-auto prose-li:marker:text-brand prose-headings:first:pt-7 mx-auto w-full\"><p>Residenz Z\u00f6gernitz Immobilien GmbH<br>1010 Wien, Schottenring 16, 3\u00e8me \u00e9tage,<br>Haus der Philanthropie<\/p><p>ATU : 65301657<br>Num\u00e9ro du registre du commerce : 119006i<\/p><h2 class=\"elementor-heading-title elementor-size-default\">Publication conform\u00e9ment \u00e0 l&rsquo;article 25 de la loi sur les m\u00e9dias<\/h2><p>Le propri\u00e9taire du site est Residenz Z\u00f6gernitz Immobilien GmbH. Tout le contenu de ce site est destin\u00e9 \u00e0 l&rsquo;information personnelle. Toute r\u00e9utilisation et reproduction au-del\u00e0 de l&rsquo;usage personnel est interdite. Les images ne peuvent pas \u00eatre publi\u00e9es ou diffus\u00e9es, que ce soit \u00e0 des fins commerciales ou autres, sans l&rsquo;autorisation \u00e9crite pr\u00e9alable du d\u00e9tenteur des droits d&rsquo;auteur. Ce site web a \u00e9t\u00e9 \u00e9labor\u00e9 avec le plus grand soin possible. Nous ne pouvons toutefois pas garantir l&rsquo;absence d&rsquo;erreurs et l&rsquo;exactitude des informations qu&rsquo;il contient et excluons toute responsabilit\u00e9 pour les dommages r\u00e9sultant directement ou indirectement de l&rsquo;utilisation de ce site, sauf en cas de faute intentionnelle ou de n\u00e9gligence grave.     <\/p><h2>COPYRIGHT<\/h2><p>Les droits d&rsquo;auteur pour tous les documents, plans, images et cr\u00e9ations graphiques de toute nature mis \u00e0 disposition sur ce site web et les mat\u00e9riaux utilis\u00e9s \u00e0 cet effet sont la propri\u00e9t\u00e9 exclusive de Residenz Z\u00f6gernitz Immobilien GmbH. Tous les contenus sont fournis \u00e0 titre d&rsquo;information personnelle. La r\u00e9utilisation et la reproduction au-del\u00e0 de l&rsquo;usage personnel ne sont pas autoris\u00e9es. Les images ne peuvent pas \u00eatre publi\u00e9es ou diffus\u00e9es, que ce soit \u00e0 des fins commerciales ou autres, sans l&rsquo;autorisation \u00e9crite pr\u00e9alable du d\u00e9tenteur des droits d&rsquo;auteur.   <\/p><h2 class=\"elementor-heading-title elementor-size-default\">INT\u00c9GRATION DE LA DIMENSION DE GENRE<\/h2><p>La forme masculine utilis\u00e9e sur ce site Web d\u00e9signe \u00e9galement les personnes de sexe f\u00e9minin. Pour une meilleure lisibilit\u00e9, il n&rsquo;y a pas de double d\u00e9signation. <\/p><h2 class=\"elementor-heading-title elementor-size-default\">CONTENU<\/h2><p>Clause de non-responsabilit\u00e9 : Pour les projets en cours de construction ou de planification, vous trouverez sur cette page des visualisations non contractuelles. Sous r\u00e9serve de modifications. Aucun droit l\u00e9gal ne peut en \u00eatre d\u00e9duit. Les repr\u00e9sentations ne constituent pas une base contractuelle. Les images, plans et vues sont bas\u00e9s sur des donn\u00e9es repr\u00e9sentant l&rsquo;\u00e9tat actuel de la conception, qui peuvent varier au cours des phases de planification ult\u00e9rieures. Nous d\u00e9clinons toute responsabilit\u00e9 quant \u00e0 l&rsquo;exactitude, l&rsquo;exhaustivit\u00e9 et l&rsquo;actualit\u00e9 des images et des contenus. En ce qui concerne l&rsquo;\u00e9quipement, seule la description de la construction et de l&rsquo;\u00e9quipement fait foi. Les autres \u00e9l\u00e9ments d&rsquo;\u00e9quipement sont fournis \u00e0 titre d&rsquo;illustration et ne sont pas livr\u00e9s.       <\/p><\/div><\/div><\/article><\/div><\/div>\t\t\t\t\t\t\t\t<\/div>\n\t\t\t\t<\/div>\n\t\t\t\t\t<\/div>\n\t\t<\/div>\n\t\t\t\t\t<\/div>\n\t\t<\/section>\n\t\t\t\t<\/div>\n\t\t","protected":false},"excerpt":{"rendered":"<p>Mentions l\u00e9gales Residenz Z\u00f6gernitz Immobilien GmbH1010 Wien, Schottenring 16, 3\u00e8me \u00e9tage,Haus der Philanthropie ATU : 65301657Num\u00e9ro du registre du commerce : 119006i Publication conform\u00e9ment \u00e0 l&rsquo;article 25 de la loi [&hellip;]<\/p>\n","protected":false},"author":1,"featured_media":0,"parent":0,"menu_order":0,"comment_status":"closed","ping_status":"closed","template":"","meta":{"footnotes":""},"class_list":["post-5637","page","type-page","status-publish","hentry"],"yoast_head":"<!-- This site is optimized with the Yoast SEO plugin v27.5 - https:\/\/yoast.com\/product\/yoast-seo-wordpress\/ -->\n<title>Mentions l\u00e9gales - House of Strauss Wien<\/title>\n<meta name=\"robots\" content=\"index, follow, max-snippet:-1, max-image-preview:large, max-video-preview:-1\" \/>\n<link rel=\"canonical\" href=\"https:\/\/houseofstrauss.at\/impressum\/\" \/>\n<meta property=\"og:locale\" content=\"fr_FR\" \/>\n<meta property=\"og:type\" content=\"article\" \/>\n<meta property=\"og:title\" content=\"Mentions l\u00e9gales - House of Strauss Wien\" \/>\n<meta property=\"og:description\" content=\"Mentions l\u00e9gales Residenz Z\u00f6gernitz Immobilien GmbH1010 Wien, Schottenring 16, 3\u00e8me \u00e9tage,Haus der Philanthropie ATU : 65301657Num\u00e9ro du registre du commerce : 119006i Publication conform\u00e9ment \u00e0 l&rsquo;article 25 de la loi [&hellip;]\" \/>\n<meta property=\"og:url\" content=\"https:\/\/houseofstrauss.at\/impressum\/\" \/>\n<meta property=\"og:site_name\" content=\"House of Strauss Wien\" \/>\n<meta property=\"article:publisher\" content=\"https:\/\/www.facebook.com\/houseofstraussvienna\" \/>\n<meta property=\"article:modified_time\" content=\"2026-04-06T19:13:51+00:00\" \/>\n<meta name=\"twitter:card\" content=\"summary_large_image\" \/>\n<meta name=\"twitter:label1\" content=\"Dur\u00e9e de lecture estim\u00e9e\" \/>\n\t<meta name=\"twitter:data1\" content=\"2 minutes\" \/>\n<script type=\"application\/ld+json\" class=\"yoast-schema-graph\">{\"@context\":\"https:\\\/\\\/schema.org\",\"@graph\":[{\"@type\":\"WebPage\",\"@id\":\"https:\\\/\\\/houseofstrauss.at\\\/impressum\\\/\",\"url\":\"https:\\\/\\\/houseofstrauss.at\\\/impressum\\\/\",\"name\":\"Mentions l\u00e9gales - House of Strauss Wien\",\"isPartOf\":{\"@id\":\"https:\\\/\\\/houseofstrauss.at\\\/#website\"},\"datePublished\":\"2024-12-09T07:22:20+00:00\",\"dateModified\":\"2026-04-06T19:13:51+00:00\",\"breadcrumb\":{\"@id\":\"https:\\\/\\\/houseofstrauss.at\\\/impressum\\\/#breadcrumb\"},\"inLanguage\":\"fr-FR\",\"potentialAction\":[{\"@type\":\"ReadAction\",\"target\":[\"https:\\\/\\\/houseofstrauss.at\\\/impressum\\\/\"]}]},{\"@type\":\"BreadcrumbList\",\"@id\":\"https:\\\/\\\/houseofstrauss.at\\\/impressum\\\/#breadcrumb\",\"itemListElement\":[{\"@type\":\"ListItem\",\"position\":1,\"name\":\"Startseite\",\"item\":\"https:\\\/\\\/houseofstrauss.at\\\/fr\\\/accueil-2\\\/\"},{\"@type\":\"ListItem\",\"position\":2,\"name\":\"Mentions l\u00e9gales\"}]},{\"@type\":\"WebSite\",\"@id\":\"https:\\\/\\\/houseofstrauss.at\\\/#website\",\"url\":\"https:\\\/\\\/houseofstrauss.at\\\/\",\"name\":\"House of Strauss Wien\",\"description\":\"Museum, Sehensw\u00fcrdigkeiten  Classical concerts Vienna, Live Strauss Konzerte\",\"publisher\":{\"@id\":\"https:\\\/\\\/houseofstrauss.at\\\/#organization\"},\"potentialAction\":[{\"@type\":\"SearchAction\",\"target\":{\"@type\":\"EntryPoint\",\"urlTemplate\":\"https:\\\/\\\/houseofstrauss.at\\\/?s={search_term_string}\"},\"query-input\":{\"@type\":\"PropertyValueSpecification\",\"valueRequired\":true,\"valueName\":\"search_term_string\"}}],\"inLanguage\":\"fr-FR\"},{\"@type\":\"Organization\",\"@id\":\"https:\\\/\\\/houseofstrauss.at\\\/#organization\",\"name\":\"House of Strauss Wien\",\"url\":\"https:\\\/\\\/houseofstrauss.at\\\/\",\"logo\":{\"@type\":\"ImageObject\",\"inLanguage\":\"fr-FR\",\"@id\":\"https:\\\/\\\/houseofstrauss.at\\\/#\\\/schema\\\/logo\\\/image\\\/\",\"url\":\"https:\\\/\\\/houseofstrauss.at\\\/wp-content\\\/uploads\\\/2024\\\/11\\\/blue-logo.png\",\"contentUrl\":\"https:\\\/\\\/houseofstrauss.at\\\/wp-content\\\/uploads\\\/2024\\\/11\\\/blue-logo.png\",\"width\":2564,\"height\":1213,\"caption\":\"House of Strauss Wien\"},\"image\":{\"@id\":\"https:\\\/\\\/houseofstrauss.at\\\/#\\\/schema\\\/logo\\\/image\\\/\"},\"sameAs\":[\"https:\\\/\\\/www.facebook.com\\\/houseofstraussvienna\",\"https:\\\/\\\/www.instagram.com\\\/houseofstrauss_vienna\",\"https:\\\/\\\/www.tripadvisor.de\\\/Attraction_Review-g190454-d26561860-Reviews-House_Of_Strauss_Vienna-Vienna.html\",\"https:\\\/\\\/www.tiktok.com\\\/@house.of.strauss\"]}]}<\/script>\n<!-- \/ Yoast SEO plugin. -->","yoast_head_json":{"title":"Mentions l\u00e9gales - House of Strauss Wien","robots":{"index":"index","follow":"follow","max-snippet":"max-snippet:-1","max-image-preview":"max-image-preview:large","max-video-preview":"max-video-preview:-1"},"canonical":"https:\/\/houseofstrauss.at\/impressum\/","og_locale":"fr_FR","og_type":"article","og_title":"Mentions l\u00e9gales - House of Strauss Wien","og_description":"Mentions l\u00e9gales Residenz Z\u00f6gernitz Immobilien GmbH1010 Wien, Schottenring 16, 3\u00e8me \u00e9tage,Haus der Philanthropie ATU : 65301657Num\u00e9ro du registre du commerce : 119006i Publication conform\u00e9ment \u00e0 l&rsquo;article 25 de la loi [&hellip;]","og_url":"https:\/\/houseofstrauss.at\/impressum\/","og_site_name":"House of Strauss Wien","article_publisher":"https:\/\/www.facebook.com\/houseofstraussvienna","article_modified_time":"2026-04-06T19:13:51+00:00","twitter_card":"summary_large_image","twitter_misc":{"Dur\u00e9e de lecture estim\u00e9e":"2 minutes"},"schema":{"@context":"https:\/\/schema.org","@graph":[{"@type":"WebPage","@id":"https:\/\/houseofstrauss.at\/impressum\/","url":"https:\/\/houseofstrauss.at\/impressum\/","name":"Mentions l\u00e9gales - House of Strauss Wien","isPartOf":{"@id":"https:\/\/houseofstrauss.at\/#website"},"datePublished":"2024-12-09T07:22:20+00:00","dateModified":"2026-04-06T19:13:51+00:00","breadcrumb":{"@id":"https:\/\/houseofstrauss.at\/impressum\/#breadcrumb"},"inLanguage":"fr-FR","potentialAction":[{"@type":"ReadAction","target":["https:\/\/houseofstrauss.at\/impressum\/"]}]},{"@type":"BreadcrumbList","@id":"https:\/\/houseofstrauss.at\/impressum\/#breadcrumb","itemListElement":[{"@type":"ListItem","position":1,"name":"Startseite","item":"https:\/\/houseofstrauss.at\/fr\/accueil-2\/"},{"@type":"ListItem","position":2,"name":"Mentions l\u00e9gales"}]},{"@type":"WebSite","@id":"https:\/\/houseofstrauss.at\/#website","url":"https:\/\/houseofstrauss.at\/","name":"House of Strauss Wien","description":"Museum, Sehensw\u00fcrdigkeiten  Classical concerts Vienna, Live Strauss Konzerte","publisher":{"@id":"https:\/\/houseofstrauss.at\/#organization"},"potentialAction":[{"@type":"SearchAction","target":{"@type":"EntryPoint","urlTemplate":"https:\/\/houseofstrauss.at\/?s={search_term_string}"},"query-input":{"@type":"PropertyValueSpecification","valueRequired":true,"valueName":"search_term_string"}}],"inLanguage":"fr-FR"},{"@type":"Organization","@id":"https:\/\/houseofstrauss.at\/#organization","name":"House of Strauss Wien","url":"https:\/\/houseofstrauss.at\/","logo":{"@type":"ImageObject","inLanguage":"fr-FR","@id":"https:\/\/houseofstrauss.at\/#\/schema\/logo\/image\/","url":"https:\/\/houseofstrauss.at\/wp-content\/uploads\/2024\/11\/blue-logo.png","contentUrl":"https:\/\/houseofstrauss.at\/wp-content\/uploads\/2024\/11\/blue-logo.png","width":2564,"height":1213,"caption":"House of Strauss Wien"},"image":{"@id":"https:\/\/houseofstrauss.at\/#\/schema\/logo\/image\/"},"sameAs":["https:\/\/www.facebook.com\/houseofstraussvienna","https:\/\/www.instagram.com\/houseofstrauss_vienna","https:\/\/www.tripadvisor.de\/Attraction_Review-g190454-d26561860-Reviews-House_Of_Strauss_Vienna-Vienna.html","https:\/\/www.tiktok.com\/@house.of.strauss"]}]}},"_links":{"self":[{"href":"https:\/\/houseofstrauss.at\/fr\/wp-json\/wp\/v2\/pages\/5637","targetHints":{"allow":["GET"]}}],"collection":[{"href":"https:\/\/houseofstrauss.at\/fr\/wp-json\/wp\/v2\/pages"}],"about":[{"href":"https:\/\/houseofstrauss.at\/fr\/wp-json\/wp\/v2\/types\/page"}],"author":[{"embeddable":true,"href":"https:\/\/houseofstrauss.at\/fr\/wp-json\/wp\/v2\/users\/1"}],"replies":[{"embeddable":true,"href":"https:\/\/houseofstrauss.at\/fr\/wp-json\/wp\/v2\/comments?post=5637"}],"version-history":[{"count":3,"href":"https:\/\/houseofstrauss.at\/fr\/wp-json\/wp\/v2\/pages\/5637\/revisions"}],"predecessor-version":[{"id":13068,"href":"https:\/\/houseofstrauss.at\/fr\/wp-json\/wp\/v2\/pages\/5637\/revisions\/13068"}],"wp:attachment":[{"href":"https:\/\/houseofstrauss.at\/fr\/wp-json\/wp\/v2\/media?parent=5637"}],"curies":[{"name":"wp","href":"https:\/\/api.w.org\/{rel}","templated":true}]}}