{"id":1876,"date":"2024-11-13T00:54:26","date_gmt":"2024-11-13T00:54:26","guid":{"rendered":"https:\/\/dev.houseofstrauss.at\/zoegernitz\/"},"modified":"2025-04-17T11:57:21","modified_gmt":"2025-04-17T10:57:21","slug":"zoegernitz","status":"publish","type":"page","link":"https:\/\/houseofstrauss.at\/it\/zoegernitz\/","title":{"rendered":"Z\u00f6gernitz"},"content":{"rendered":"\t\t<div data-elementor-type=\"wp-page\" data-elementor-id=\"1876\" class=\"elementor elementor-1876 elementor-564\" data-elementor-post-type=\"page\">\n\t\t\t\t\t\t<section class=\"elementor-section elementor-top-section elementor-element elementor-element-7ae75dae elementor-section-boxed elementor-section-height-default elementor-section-height-default\" data-id=\"7ae75dae\" data-element_type=\"section\" data-e-type=\"section\" data-settings=\"{&quot;background_background&quot;:&quot;classic&quot;,&quot;background_motion_fx_motion_fx_scrolling&quot;:&quot;yes&quot;,&quot;background_motion_fx_scale_effect&quot;:&quot;yes&quot;,&quot;background_motion_fx_scale_speed&quot;:{&quot;unit&quot;:&quot;px&quot;,&quot;size&quot;:1.3,&quot;sizes&quot;:[]},&quot;background_motion_fx_scale_direction&quot;:&quot;out-in&quot;,&quot;background_motion_fx_scale_range&quot;:{&quot;unit&quot;:&quot;%&quot;,&quot;size&quot;:&quot;&quot;,&quot;sizes&quot;:{&quot;start&quot;:20,&quot;end&quot;:80}},&quot;background_motion_fx_devices&quot;:[&quot;desktop&quot;,&quot;tablet&quot;,&quot;mobile&quot;]}\">\n\t\t\t\t\t\t\t<div class=\"elementor-background-overlay\"><\/div>\n\t\t\t\t\t\t\t<div class=\"elementor-container elementor-column-gap-default\">\n\t\t\t\t\t<div class=\"elementor-column elementor-col-50 elementor-top-column elementor-element elementor-element-17d70e47\" data-id=\"17d70e47\" data-element_type=\"column\" data-e-type=\"column\">\n\t\t\t<div class=\"elementor-widget-wrap elementor-element-populated\">\n\t\t\t\t\t\t<div class=\"elementor-element elementor-element-6ffc0f68 animated-fast elementor-invisible elementor-widget elementor-widget-heading\" data-id=\"6ffc0f68\" data-element_type=\"widget\" data-e-type=\"widget\" data-settings=\"{&quot;_animation&quot;:&quot;fadeInLeft&quot;,&quot;_animation_tablet&quot;:&quot;fadeIn&quot;}\" data-widget_type=\"heading.default\">\n\t\t\t\t<div class=\"elementor-widget-container\">\n\t\t\t\t\t<h1 class=\"elementor-heading-title elementor-size-default\">La sede originale di Strauss al Casino Z\u00f6gernitz\n<\/h1>\t\t\t\t<\/div>\n\t\t\t\t<\/div>\n\t\t\t\t<div class=\"elementor-element elementor-element-4c6f454a animated-fast elementor-align-left elementor-invisible elementor-widget elementor-widget-button\" data-id=\"4c6f454a\" data-element_type=\"widget\" data-e-type=\"widget\" data-settings=\"{&quot;_animation&quot;:&quot;fadeInLeft&quot;,&quot;_animation_tablet&quot;:&quot;fadeIn&quot;,&quot;_animation_delay&quot;:100}\" data-widget_type=\"button.default\">\n\t\t\t\t<div class=\"elementor-widget-container\">\n\t\t\t\t\t\t\t\t\t<div class=\"elementor-button-wrapper\">\n\t\t\t\t\t<a class=\"elementor-button elementor-button-link elementor-size-sm\" href=\"https:\/\/houseofstrauss.at\/tickets\/\">\n\t\t\t\t\t\t<span class=\"elementor-button-content-wrapper\">\n\t\t\t\t\t\t\t\t\t<span class=\"elementor-button-text\">Al biglietto<\/span>\n\t\t\t\t\t<\/span>\n\t\t\t\t\t<\/a>\n\t\t\t\t<\/div>\n\t\t\t\t\t\t\t\t<\/div>\n\t\t\t\t<\/div>\n\t\t\t\t\t<\/div>\n\t\t<\/div>\n\t\t\t\t<div class=\"elementor-column elementor-col-50 elementor-top-column elementor-element elementor-element-a868ba0\" data-id=\"a868ba0\" data-element_type=\"column\" data-e-type=\"column\">\n\t\t\t<div class=\"elementor-widget-wrap elementor-element-populated\">\n\t\t\t\t\t\t<div class=\"elementor-element elementor-element-45aaddd4 animated-fast elementor-invisible elementor-widget elementor-widget-text-editor\" data-id=\"45aaddd4\" data-element_type=\"widget\" data-e-type=\"widget\" data-settings=\"{&quot;_animation&quot;:&quot;fadeInRight&quot;,&quot;_animation_tablet&quot;:&quot;fadeIn&quot;,&quot;_animation_delay&quot;:300}\" data-widget_type=\"text-editor.default\">\n\t\t\t\t<div class=\"elementor-widget-container\">\n\t\t\t\t\t\t\t\t\t<p>Immergiti nell&#8217;incantevole atmosfera della storica sala da ballo del Palazzo del Giardino di Z\u00f6gernitz e vivi la magia e il romanticismo di Vienna durante il periodo di massimo splendore della famiglia Strauss.<\/p>\t\t\t\t\t\t\t\t<\/div>\n\t\t\t\t<\/div>\n\t\t\t\t\t<\/div>\n\t\t<\/div>\n\t\t\t\t\t<\/div>\n\t\t<\/section>\n\t\t\t\t<section class=\"elementor-section elementor-top-section elementor-element elementor-element-758b0dd elementor-section-boxed elementor-section-height-default elementor-section-height-default\" data-id=\"758b0dd\" data-element_type=\"section\" data-e-type=\"section\" data-settings=\"{&quot;background_background&quot;:&quot;classic&quot;}\">\n\t\t\t\t\t\t<div class=\"elementor-container elementor-column-gap-default\">\n\t\t\t\t\t<div class=\"elementor-column elementor-col-50 elementor-top-column elementor-element elementor-element-282f7f72\" data-id=\"282f7f72\" data-element_type=\"column\" data-e-type=\"column\">\n\t\t\t<div class=\"elementor-widget-wrap elementor-element-populated\">\n\t\t\t\t\t\t<div class=\"elementor-element elementor-element-503f40c6 animated-fast elementor-invisible elementor-widget elementor-widget-spacer\" data-id=\"503f40c6\" data-element_type=\"widget\" data-e-type=\"widget\" data-settings=\"{&quot;_animation&quot;:&quot;fadeIn&quot;}\" data-widget_type=\"spacer.default\">\n\t\t\t\t<div class=\"elementor-widget-container\">\n\t\t\t\t\t\t\t<div class=\"elementor-spacer\">\n\t\t\t<div class=\"elementor-spacer-inner\"><\/div>\n\t\t<\/div>\n\t\t\t\t\t\t<\/div>\n\t\t\t\t<\/div>\n\t\t\t\t<div class=\"elementor-element elementor-element-15ba64f animated-fast elementor-widget__width-auto elementor-absolute elementor-invisible elementor-widget elementor-widget-image\" data-id=\"15ba64f\" data-element_type=\"widget\" data-e-type=\"widget\" data-settings=\"{&quot;motion_fx_motion_fx_mouse&quot;:&quot;yes&quot;,&quot;motion_fx_tilt_effect&quot;:&quot;yes&quot;,&quot;motion_fx_tilt_speed&quot;:{&quot;unit&quot;:&quot;px&quot;,&quot;size&quot;:2,&quot;sizes&quot;:[]},&quot;_animation&quot;:&quot;fadeIn&quot;,&quot;_position&quot;:&quot;absolute&quot;}\" data-widget_type=\"image.default\">\n\t\t\t\t<div class=\"elementor-widget-container\">\n\t\t\t\t\t\t\t\t\t\t\t\t\t\t\t<img decoding=\"async\" src=\"https:\/\/houseofstrauss.at\/wp-content\/uploads\/elementor\/thumbs\/decor-home-3-qwxxykq4xmr1czwadadgqx023kv2nplbbtlct4eje8.png\" title=\"decor-home-3.png\" alt=\"decor-home-3.png\" loading=\"lazy\" \/>\t\t\t\t\t\t\t\t\t\t\t\t\t\t\t<\/div>\n\t\t\t\t<\/div>\n\t\t\t\t\t<\/div>\n\t\t<\/div>\n\t\t\t\t<div class=\"elementor-column elementor-col-50 elementor-top-column elementor-element elementor-element-1ac8cfcd\" data-id=\"1ac8cfcd\" data-element_type=\"column\" data-e-type=\"column\">\n\t\t\t<div class=\"elementor-widget-wrap elementor-element-populated\">\n\t\t\t\t\t\t<div class=\"elementor-element elementor-element-2fe5ee2 animated-fast elementor-invisible elementor-widget elementor-widget-heading\" data-id=\"2fe5ee2\" data-element_type=\"widget\" data-e-type=\"widget\" data-settings=\"{&quot;_animation&quot;:&quot;fadeIn&quot;,&quot;_animation_delay&quot;:200}\" data-widget_type=\"heading.default\">\n\t\t\t\t<div class=\"elementor-widget-container\">\n\t\t\t\t\t<h2 class=\"elementor-heading-title elementor-size-default\">Casino Z\u00f6gernitz Un vero gioiello dell'architettura viennese<\/h2>\t\t\t\t<\/div>\n\t\t\t\t<\/div>\n\t\t\t\t<div class=\"elementor-element elementor-element-7e7767f animated-fast elementor-invisible elementor-widget elementor-widget-text-editor\" data-id=\"7e7767f\" data-element_type=\"widget\" data-e-type=\"widget\" data-settings=\"{&quot;_animation&quot;:&quot;fadeIn&quot;,&quot;_animation_delay&quot;:300}\" data-widget_type=\"text-editor.default\">\n\t\t\t\t<div class=\"elementor-widget-container\">\n\t\t\t\t\t\t\t\t\t<p>Sin dalla sua apertura, il 21 luglio 1837, lo Z\u00f6gernitz ha deliziato gli ospiti con il suo pittoresco giardino e l&#8217;imponente sala da ballo. \u00c8 diventato rapidamente un luogo di incontro per l&#8217;alta societ\u00e0 viennese e ha ospitato numerosi ospiti illustri ed eventi. Celebrit\u00e0 come Carl Michael Ziehrer, Joseph Lanner e Johann Strauss padre e figlio hanno dato qui balli indimenticabili e hanno conquistato il cuore dei viennesi.  <\/p>\t\t\t\t\t\t\t\t<\/div>\n\t\t\t\t<\/div>\n\t\t\t\t\t<\/div>\n\t\t<\/div>\n\t\t\t\t\t<\/div>\n\t\t<\/section>\n\t\t\t\t<section class=\"elementor-section elementor-top-section elementor-element elementor-element-31789444 elementor-section-boxed elementor-section-height-default elementor-section-height-default\" data-id=\"31789444\" data-element_type=\"section\" data-e-type=\"section\" data-settings=\"{&quot;background_background&quot;:&quot;classic&quot;}\">\n\t\t\t\t\t\t<div class=\"elementor-container elementor-column-gap-default\">\n\t\t\t\t\t<div class=\"elementor-column elementor-col-100 elementor-top-column elementor-element elementor-element-7630061e\" data-id=\"7630061e\" data-element_type=\"column\" data-e-type=\"column\">\n\t\t\t<div class=\"elementor-widget-wrap elementor-element-populated\">\n\t\t\t\t\t\t<section class=\"elementor-section elementor-inner-section elementor-element elementor-element-76220f48 elementor-section-full_width elementor-section-height-default elementor-section-height-default\" data-id=\"76220f48\" data-element_type=\"section\" data-e-type=\"section\">\n\t\t\t\t\t\t<div class=\"elementor-container elementor-column-gap-default\">\n\t\t\t\t\t<div class=\"elementor-column elementor-col-50 elementor-inner-column elementor-element elementor-element-74d294e\" data-id=\"74d294e\" data-element_type=\"column\" data-e-type=\"column\">\n\t\t\t<div class=\"elementor-widget-wrap elementor-element-populated\">\n\t\t\t\t\t\t<div class=\"elementor-element elementor-element-742775a8 animated-fast elementor-invisible elementor-widget elementor-widget-heading\" data-id=\"742775a8\" data-element_type=\"widget\" data-e-type=\"widget\" data-settings=\"{&quot;_animation&quot;:&quot;fadeIn&quot;,&quot;_animation_delay&quot;:200}\" data-widget_type=\"heading.default\">\n\t\t\t\t<div class=\"elementor-widget-container\">\n\t\t\t\t\t<h2 class=\"elementor-heading-title elementor-size-default\">Un capolavoro della storia in un nuovo splendore<\/h2>\t\t\t\t<\/div>\n\t\t\t\t<\/div>\n\t\t\t\t<div class=\"elementor-element elementor-element-7414bdd6 animated-fast elementor-invisible elementor-widget elementor-widget-text-editor\" data-id=\"7414bdd6\" data-element_type=\"widget\" data-e-type=\"widget\" data-settings=\"{&quot;_animation&quot;:&quot;fadeIn&quot;,&quot;_animation_delay&quot;:300}\" data-widget_type=\"text-editor.default\">\n\t\t\t\t<div class=\"elementor-widget-container\">\n\t\t\t\t\t\t\t\t\t<p>Dopo una ristrutturazione completa, completata con successo nel 2022, il Palazzo del Giardino di Z\u00f6gernitz risplende ora in tutto il suo splendore. Con grande attenzione ai dettagli, la sostanza storica \u00e8 stata preservata e la tecnologia moderna integrata per offrire ai visitatori un&#8217;esperienza unica. Il palazzo si \u00e8 affermato come luogo di prima classe che ospita regolarmente eventi culturali, musicali e sociali.    <a href=\"https:\/\/houseofstrauss.at\/it\/\">La casa di Strauss.<\/a><\/p><p>Per maggiori informazioni sulla storia, sugli eventi in corso o sulla possibilit\u00e0 di organizzare i tuoi eventi, visita il sito web ufficiale. Un clic sul seguente link ti condurr\u00e0 direttamente l\u00ec e ti dar\u00e0 una visione esclusiva di questo imponente patrimonio culturale di Vienna. <\/p>\t\t\t\t\t\t\t\t<\/div>\n\t\t\t\t<\/div>\n\t\t\t\t\t<\/div>\n\t\t<\/div>\n\t\t\t\t<div class=\"elementor-column elementor-col-50 elementor-inner-column elementor-element elementor-element-5191a9ab\" data-id=\"5191a9ab\" data-element_type=\"column\" data-e-type=\"column\">\n\t\t\t<div class=\"elementor-widget-wrap elementor-element-populated\">\n\t\t\t\t\t\t<div class=\"elementor-element elementor-element-47488b51 animated-fast elementor-widget elementor-widget-spacer\" data-id=\"47488b51\" data-element_type=\"widget\" data-e-type=\"widget\" data-settings=\"{&quot;_animation&quot;:&quot;none&quot;}\" data-widget_type=\"spacer.default\">\n\t\t\t\t<div class=\"elementor-widget-container\">\n\t\t\t\t\t\t\t<div class=\"elementor-spacer\">\n\t\t\t<div class=\"elementor-spacer-inner\"><\/div>\n\t\t<\/div>\n\t\t\t\t\t\t<\/div>\n\t\t\t\t<\/div>\n\t\t\t\t<div class=\"elementor-element elementor-element-5616453c animated-fast elementor-widget__width-auto elementor-absolute elementor-invisible elementor-widget elementor-widget-image\" data-id=\"5616453c\" data-element_type=\"widget\" data-e-type=\"widget\" data-settings=\"{&quot;motion_fx_motion_fx_mouse&quot;:&quot;yes&quot;,&quot;motion_fx_tilt_effect&quot;:&quot;yes&quot;,&quot;motion_fx_tilt_direction&quot;:&quot;negative&quot;,&quot;motion_fx_tilt_speed&quot;:{&quot;unit&quot;:&quot;px&quot;,&quot;size&quot;:2,&quot;sizes&quot;:[]},&quot;_animation&quot;:&quot;fadeIn&quot;,&quot;_position&quot;:&quot;absolute&quot;}\" data-widget_type=\"image.default\">\n\t\t\t\t<div class=\"elementor-widget-container\">\n\t\t\t\t\t\t\t\t\t\t\t\t\t\t\t<img decoding=\"async\" src=\"https:\/\/houseofstrauss.at\/wp-content\/uploads\/elementor\/thumbs\/decor-1-qwx4xnh7rl0kk5lhe2mx0v270mtdn2jxoyq9h7qole.png\" title=\"decor-1.png\" alt=\"decor-1.png\" loading=\"lazy\" \/>\t\t\t\t\t\t\t\t\t\t\t\t\t\t\t<\/div>\n\t\t\t\t<\/div>\n\t\t\t\t\t<\/div>\n\t\t<\/div>\n\t\t\t\t\t<\/div>\n\t\t<\/section>\n\t\t\t\t\t<\/div>\n\t\t<\/div>\n\t\t\t\t\t<\/div>\n\t\t<\/section>\n\t\t\t\t<\/div>\n\t\t","protected":false},"excerpt":{"rendered":"<p>La sede originale di Strauss al Casino Z\u00f6gernitz Al biglietto Immergiti nell&#8217;incantevole atmosfera della storica sala da ballo del Palazzo del Giardino di Z\u00f6gernitz e vivi la magia e il [&hellip;]<\/p>\n","protected":false},"author":1,"featured_media":1301,"parent":0,"menu_order":0,"comment_status":"closed","ping_status":"closed","template":"","meta":{"footnotes":""},"class_list":["post-1876","page","type-page","status-publish","has-post-thumbnail","hentry"],"yoast_head":"<!-- This site is optimized with the Yoast SEO plugin v27.4 - https:\/\/yoast.com\/product\/yoast-seo-wordpress\/ -->\n<title>Casin\u00f2 Z\u00f6gernitz Vienna | Casa di Strauss<\/title>\n<meta name=\"description\" content=\"Scopri il Casin\u00f2 Z\u00f6gernitz di Vienna, un luogo dove eleganza e gioco d&#039;azzardo si incontrano. Vieni a trovarci e vivi l&#039;esperienza Strauss!\" \/>\n<meta name=\"robots\" content=\"index, follow, max-snippet:-1, max-image-preview:large, max-video-preview:-1\" \/>\n<link rel=\"canonical\" href=\"https:\/\/houseofstrauss.at\/zogernitz\/\" \/>\n<meta property=\"og:locale\" content=\"it_IT\" \/>\n<meta property=\"og:type\" content=\"article\" \/>\n<meta property=\"og:title\" content=\"Casin\u00f2 Z\u00f6gernitz Vienna | Casa di Strauss\" \/>\n<meta property=\"og:description\" content=\"Scopri il Casin\u00f2 Z\u00f6gernitz di Vienna, un luogo dove eleganza e gioco d&#039;azzardo si incontrano. Vieni a trovarci e vivi l&#039;esperienza Strauss!\" \/>\n<meta property=\"og:url\" content=\"https:\/\/houseofstrauss.at\/zogernitz\/\" \/>\n<meta property=\"og:site_name\" content=\"House of Strauss Wien\" \/>\n<meta property=\"article:publisher\" content=\"https:\/\/www.facebook.com\/houseofstraussvienna\" \/>\n<meta property=\"article:modified_time\" content=\"2025-04-17T10:57:21+00:00\" \/>\n<meta property=\"og:image\" content=\"https:\/\/houseofstrauss.at\/wp-content\/uploads\/2024\/11\/Zogernitz_Saal-29-\u00a9Sima-Prodinger.jpg\" \/>\n\t<meta property=\"og:image:width\" content=\"1920\" \/>\n\t<meta property=\"og:image:height\" content=\"1280\" \/>\n\t<meta property=\"og:image:type\" content=\"image\/jpeg\" \/>\n<meta name=\"twitter:card\" content=\"summary_large_image\" \/>\n<meta name=\"twitter:label1\" content=\"Tempo di lettura stimato\" \/>\n\t<meta name=\"twitter:data1\" content=\"1 minuto\" \/>\n<script type=\"application\/ld+json\" class=\"yoast-schema-graph\">{\"@context\":\"https:\\\/\\\/schema.org\",\"@graph\":[{\"@type\":\"WebPage\",\"@id\":\"https:\\\/\\\/houseofstrauss.at\\\/zogernitz\\\/\",\"url\":\"https:\\\/\\\/houseofstrauss.at\\\/zogernitz\\\/\",\"name\":\"Casin\u00f2 Z\u00f6gernitz Vienna | Casa di Strauss\",\"isPartOf\":{\"@id\":\"https:\\\/\\\/houseofstrauss.at\\\/#website\"},\"primaryImageOfPage\":{\"@id\":\"https:\\\/\\\/houseofstrauss.at\\\/zogernitz\\\/#primaryimage\"},\"image\":{\"@id\":\"https:\\\/\\\/houseofstrauss.at\\\/zogernitz\\\/#primaryimage\"},\"thumbnailUrl\":\"https:\\\/\\\/houseofstrauss.at\\\/wp-content\\\/uploads\\\/2024\\\/11\\\/Zogernitz_Saal-29-\u00a9Sima-Prodinger.jpg\",\"datePublished\":\"2024-11-13T00:54:26+00:00\",\"dateModified\":\"2025-04-17T10:57:21+00:00\",\"description\":\"Scopri il Casin\u00f2 Z\u00f6gernitz di Vienna, un luogo dove eleganza e gioco d'azzardo si incontrano. Vieni a trovarci e vivi l'esperienza Strauss!\",\"breadcrumb\":{\"@id\":\"https:\\\/\\\/houseofstrauss.at\\\/zogernitz\\\/#breadcrumb\"},\"inLanguage\":\"it-IT\",\"potentialAction\":[{\"@type\":\"ReadAction\",\"target\":[\"https:\\\/\\\/houseofstrauss.at\\\/zogernitz\\\/\"]}]},{\"@type\":\"ImageObject\",\"inLanguage\":\"it-IT\",\"@id\":\"https:\\\/\\\/houseofstrauss.at\\\/zogernitz\\\/#primaryimage\",\"url\":\"https:\\\/\\\/houseofstrauss.at\\\/wp-content\\\/uploads\\\/2024\\\/11\\\/Zogernitz_Saal-29-\u00a9Sima-Prodinger.jpg\",\"contentUrl\":\"https:\\\/\\\/houseofstrauss.at\\\/wp-content\\\/uploads\\\/2024\\\/11\\\/Zogernitz_Saal-29-\u00a9Sima-Prodinger.jpg\",\"width\":1920,\"height\":1280,\"caption\":\"Casino Z\u00f6gernitz Wien\"},{\"@type\":\"BreadcrumbList\",\"@id\":\"https:\\\/\\\/houseofstrauss.at\\\/zogernitz\\\/#breadcrumb\",\"itemListElement\":[{\"@type\":\"ListItem\",\"position\":1,\"name\":\"Startseite\",\"item\":\"https:\\\/\\\/houseofstrauss.at\\\/it\\\/casa-2\\\/\"},{\"@type\":\"ListItem\",\"position\":2,\"name\":\"Z\u00f6gernitz\"}]},{\"@type\":\"WebSite\",\"@id\":\"https:\\\/\\\/houseofstrauss.at\\\/#website\",\"url\":\"https:\\\/\\\/houseofstrauss.at\\\/\",\"name\":\"House of Strauss Wien\",\"description\":\"Museum, Sehensw\u00fcrdigkeiten  Classical concerts Vienna, Live Strauss Konzerte\",\"publisher\":{\"@id\":\"https:\\\/\\\/houseofstrauss.at\\\/#organization\"},\"potentialAction\":[{\"@type\":\"SearchAction\",\"target\":{\"@type\":\"EntryPoint\",\"urlTemplate\":\"https:\\\/\\\/houseofstrauss.at\\\/?s={search_term_string}\"},\"query-input\":{\"@type\":\"PropertyValueSpecification\",\"valueRequired\":true,\"valueName\":\"search_term_string\"}}],\"inLanguage\":\"it-IT\"},{\"@type\":\"Organization\",\"@id\":\"https:\\\/\\\/houseofstrauss.at\\\/#organization\",\"name\":\"House of Strauss Wien\",\"url\":\"https:\\\/\\\/houseofstrauss.at\\\/\",\"logo\":{\"@type\":\"ImageObject\",\"inLanguage\":\"it-IT\",\"@id\":\"https:\\\/\\\/houseofstrauss.at\\\/#\\\/schema\\\/logo\\\/image\\\/\",\"url\":\"https:\\\/\\\/houseofstrauss.at\\\/wp-content\\\/uploads\\\/2024\\\/11\\\/blue-logo.png\",\"contentUrl\":\"https:\\\/\\\/houseofstrauss.at\\\/wp-content\\\/uploads\\\/2024\\\/11\\\/blue-logo.png\",\"width\":2564,\"height\":1213,\"caption\":\"House of Strauss Wien\"},\"image\":{\"@id\":\"https:\\\/\\\/houseofstrauss.at\\\/#\\\/schema\\\/logo\\\/image\\\/\"},\"sameAs\":[\"https:\\\/\\\/www.facebook.com\\\/houseofstraussvienna\",\"https:\\\/\\\/www.instagram.com\\\/houseofstrauss_vienna\",\"https:\\\/\\\/www.tripadvisor.de\\\/Attraction_Review-g190454-d26561860-Reviews-House_Of_Strauss_Vienna-Vienna.html\",\"https:\\\/\\\/www.tiktok.com\\\/@house.of.strauss\"]}]}<\/script>\n<!-- \/ Yoast SEO plugin. -->","yoast_head_json":{"title":"Casin\u00f2 Z\u00f6gernitz Vienna | Casa di Strauss","description":"Scopri il Casin\u00f2 Z\u00f6gernitz di Vienna, un luogo dove eleganza e gioco d'azzardo si incontrano. Vieni a trovarci e vivi l'esperienza Strauss!","robots":{"index":"index","follow":"follow","max-snippet":"max-snippet:-1","max-image-preview":"max-image-preview:large","max-video-preview":"max-video-preview:-1"},"canonical":"https:\/\/houseofstrauss.at\/zogernitz\/","og_locale":"it_IT","og_type":"article","og_title":"Casin\u00f2 Z\u00f6gernitz Vienna | Casa di Strauss","og_description":"Scopri il Casin\u00f2 Z\u00f6gernitz di Vienna, un luogo dove eleganza e gioco d'azzardo si incontrano. Vieni a trovarci e vivi l'esperienza Strauss!","og_url":"https:\/\/houseofstrauss.at\/zogernitz\/","og_site_name":"House of Strauss Wien","article_publisher":"https:\/\/www.facebook.com\/houseofstraussvienna","article_modified_time":"2025-04-17T10:57:21+00:00","og_image":[{"width":1920,"height":1280,"url":"https:\/\/houseofstrauss.at\/wp-content\/uploads\/2024\/11\/Zogernitz_Saal-29-\u00a9Sima-Prodinger.jpg","type":"image\/jpeg"}],"twitter_card":"summary_large_image","twitter_misc":{"Tempo di lettura stimato":"1 minuto"},"schema":{"@context":"https:\/\/schema.org","@graph":[{"@type":"WebPage","@id":"https:\/\/houseofstrauss.at\/zogernitz\/","url":"https:\/\/houseofstrauss.at\/zogernitz\/","name":"Casin\u00f2 Z\u00f6gernitz Vienna | Casa di Strauss","isPartOf":{"@id":"https:\/\/houseofstrauss.at\/#website"},"primaryImageOfPage":{"@id":"https:\/\/houseofstrauss.at\/zogernitz\/#primaryimage"},"image":{"@id":"https:\/\/houseofstrauss.at\/zogernitz\/#primaryimage"},"thumbnailUrl":"https:\/\/houseofstrauss.at\/wp-content\/uploads\/2024\/11\/Zogernitz_Saal-29-\u00a9Sima-Prodinger.jpg","datePublished":"2024-11-13T00:54:26+00:00","dateModified":"2025-04-17T10:57:21+00:00","description":"Scopri il Casin\u00f2 Z\u00f6gernitz di Vienna, un luogo dove eleganza e gioco d'azzardo si incontrano. Vieni a trovarci e vivi l'esperienza Strauss!","breadcrumb":{"@id":"https:\/\/houseofstrauss.at\/zogernitz\/#breadcrumb"},"inLanguage":"it-IT","potentialAction":[{"@type":"ReadAction","target":["https:\/\/houseofstrauss.at\/zogernitz\/"]}]},{"@type":"ImageObject","inLanguage":"it-IT","@id":"https:\/\/houseofstrauss.at\/zogernitz\/#primaryimage","url":"https:\/\/houseofstrauss.at\/wp-content\/uploads\/2024\/11\/Zogernitz_Saal-29-\u00a9Sima-Prodinger.jpg","contentUrl":"https:\/\/houseofstrauss.at\/wp-content\/uploads\/2024\/11\/Zogernitz_Saal-29-\u00a9Sima-Prodinger.jpg","width":1920,"height":1280,"caption":"Casino Z\u00f6gernitz Wien"},{"@type":"BreadcrumbList","@id":"https:\/\/houseofstrauss.at\/zogernitz\/#breadcrumb","itemListElement":[{"@type":"ListItem","position":1,"name":"Startseite","item":"https:\/\/houseofstrauss.at\/it\/casa-2\/"},{"@type":"ListItem","position":2,"name":"Z\u00f6gernitz"}]},{"@type":"WebSite","@id":"https:\/\/houseofstrauss.at\/#website","url":"https:\/\/houseofstrauss.at\/","name":"House of Strauss Wien","description":"Museum, Sehensw\u00fcrdigkeiten  Classical concerts Vienna, Live Strauss Konzerte","publisher":{"@id":"https:\/\/houseofstrauss.at\/#organization"},"potentialAction":[{"@type":"SearchAction","target":{"@type":"EntryPoint","urlTemplate":"https:\/\/houseofstrauss.at\/?s={search_term_string}"},"query-input":{"@type":"PropertyValueSpecification","valueRequired":true,"valueName":"search_term_string"}}],"inLanguage":"it-IT"},{"@type":"Organization","@id":"https:\/\/houseofstrauss.at\/#organization","name":"House of Strauss Wien","url":"https:\/\/houseofstrauss.at\/","logo":{"@type":"ImageObject","inLanguage":"it-IT","@id":"https:\/\/houseofstrauss.at\/#\/schema\/logo\/image\/","url":"https:\/\/houseofstrauss.at\/wp-content\/uploads\/2024\/11\/blue-logo.png","contentUrl":"https:\/\/houseofstrauss.at\/wp-content\/uploads\/2024\/11\/blue-logo.png","width":2564,"height":1213,"caption":"House of Strauss Wien"},"image":{"@id":"https:\/\/houseofstrauss.at\/#\/schema\/logo\/image\/"},"sameAs":["https:\/\/www.facebook.com\/houseofstraussvienna","https:\/\/www.instagram.com\/houseofstrauss_vienna","https:\/\/www.tripadvisor.de\/Attraction_Review-g190454-d26561860-Reviews-House_Of_Strauss_Vienna-Vienna.html","https:\/\/www.tiktok.com\/@house.of.strauss"]}]}},"_links":{"self":[{"href":"https:\/\/houseofstrauss.at\/it\/wp-json\/wp\/v2\/pages\/1876","targetHints":{"allow":["GET"]}}],"collection":[{"href":"https:\/\/houseofstrauss.at\/it\/wp-json\/wp\/v2\/pages"}],"about":[{"href":"https:\/\/houseofstrauss.at\/it\/wp-json\/wp\/v2\/types\/page"}],"author":[{"embeddable":true,"href":"https:\/\/houseofstrauss.at\/it\/wp-json\/wp\/v2\/users\/1"}],"replies":[{"embeddable":true,"href":"https:\/\/houseofstrauss.at\/it\/wp-json\/wp\/v2\/comments?post=1876"}],"version-history":[{"count":8,"href":"https:\/\/houseofstrauss.at\/it\/wp-json\/wp\/v2\/pages\/1876\/revisions"}],"predecessor-version":[{"id":9147,"href":"https:\/\/houseofstrauss.at\/it\/wp-json\/wp\/v2\/pages\/1876\/revisions\/9147"}],"wp:featuredmedia":[{"embeddable":true,"href":"https:\/\/houseofstrauss.at\/it\/wp-json\/wp\/v2\/media\/1301"}],"wp:attachment":[{"href":"https:\/\/houseofstrauss.at\/it\/wp-json\/wp\/v2\/media?parent=1876"}],"curies":[{"name":"wp","href":"https:\/\/api.w.org\/{rel}","templated":true}]}}