{"id":1887,"date":"2024-11-13T00:43:33","date_gmt":"2024-11-13T00:43:33","guid":{"rendered":"https:\/\/dev.houseofstrauss.at\/masterclass-di-musica\/"},"modified":"2025-04-10T06:17:25","modified_gmt":"2025-04-10T05:17:25","slug":"masterclass-di-musica","status":"publish","type":"page","link":"https:\/\/houseofstrauss.at\/it\/masterclass-di-musica\/","title":{"rendered":"Masterclass di musica"},"content":{"rendered":"\t\t<div data-elementor-type=\"wp-page\" data-elementor-id=\"1887\" class=\"elementor elementor-1887 elementor-548\" data-elementor-post-type=\"page\">\n\t\t\t\t\t\t<section class=\"elementor-section elementor-top-section elementor-element elementor-element-425160c6 elementor-section-boxed elementor-section-height-default elementor-section-height-default\" data-id=\"425160c6\" data-element_type=\"section\" data-e-type=\"section\" data-settings=\"{&quot;background_background&quot;:&quot;classic&quot;,&quot;background_motion_fx_motion_fx_scrolling&quot;:&quot;yes&quot;,&quot;background_motion_fx_scale_effect&quot;:&quot;yes&quot;,&quot;background_motion_fx_scale_speed&quot;:{&quot;unit&quot;:&quot;px&quot;,&quot;size&quot;:1.3,&quot;sizes&quot;:[]},&quot;background_motion_fx_scale_direction&quot;:&quot;out-in&quot;,&quot;background_motion_fx_scale_range&quot;:{&quot;unit&quot;:&quot;%&quot;,&quot;size&quot;:&quot;&quot;,&quot;sizes&quot;:{&quot;start&quot;:20,&quot;end&quot;:80}},&quot;background_motion_fx_devices&quot;:[&quot;desktop&quot;,&quot;tablet&quot;,&quot;mobile&quot;]}\">\n\t\t\t\t\t\t\t<div class=\"elementor-background-overlay\"><\/div>\n\t\t\t\t\t\t\t<div class=\"elementor-container elementor-column-gap-default\">\n\t\t\t\t\t<div class=\"elementor-column elementor-col-50 elementor-top-column elementor-element elementor-element-4c02743e\" data-id=\"4c02743e\" data-element_type=\"column\" data-e-type=\"column\">\n\t\t\t<div class=\"elementor-widget-wrap elementor-element-populated\">\n\t\t\t\t\t\t<div class=\"elementor-element elementor-element-5e432337 animated-fast elementor-invisible elementor-widget elementor-widget-heading\" data-id=\"5e432337\" data-element_type=\"widget\" data-e-type=\"widget\" data-settings=\"{&quot;_animation&quot;:&quot;fadeInLeft&quot;,&quot;_animation_tablet&quot;:&quot;fadeIn&quot;}\" data-widget_type=\"heading.default\">\n\t\t\t\t<div class=\"elementor-widget-container\">\n\t\t\t\t\t<h1 class=\"elementor-heading-title elementor-size-default\">Masterclass di musica<\/h1>\t\t\t\t<\/div>\n\t\t\t\t<\/div>\n\t\t\t\t<div class=\"elementor-element elementor-element-683cce72 animated-fast elementor-align-left elementor-invisible elementor-widget elementor-widget-button\" data-id=\"683cce72\" data-element_type=\"widget\" data-e-type=\"widget\" data-settings=\"{&quot;_animation&quot;:&quot;fadeInLeft&quot;,&quot;_animation_tablet&quot;:&quot;fadeIn&quot;,&quot;_animation_delay&quot;:100}\" data-widget_type=\"button.default\">\n\t\t\t\t<div class=\"elementor-widget-container\">\n\t\t\t\t\t\t\t\t\t<div class=\"elementor-button-wrapper\">\n\t\t\t\t\t<a class=\"elementor-button elementor-button-link elementor-size-sm\" href=\"https:\/\/emi-vienna.com\/\">\n\t\t\t\t\t\t<span class=\"elementor-button-content-wrapper\">\n\t\t\t\t\t\t\t\t\t<span class=\"elementor-button-text\">Sito web<\/span>\n\t\t\t\t\t<\/span>\n\t\t\t\t\t<\/a>\n\t\t\t\t<\/div>\n\t\t\t\t\t\t\t\t<\/div>\n\t\t\t\t<\/div>\n\t\t\t\t\t<\/div>\n\t\t<\/div>\n\t\t\t\t<div class=\"elementor-column elementor-col-50 elementor-top-column elementor-element elementor-element-2ad9076c\" data-id=\"2ad9076c\" data-element_type=\"column\" data-e-type=\"column\">\n\t\t\t<div class=\"elementor-widget-wrap elementor-element-populated\">\n\t\t\t\t\t\t<div class=\"elementor-element elementor-element-42ec270b animated-fast elementor-invisible elementor-widget elementor-widget-text-editor\" data-id=\"42ec270b\" data-element_type=\"widget\" data-e-type=\"widget\" data-settings=\"{&quot;_animation&quot;:&quot;fadeInRight&quot;,&quot;_animation_tablet&quot;:&quot;fadeIn&quot;,&quot;_animation_delay&quot;:200}\" data-widget_type=\"text-editor.default\">\n\t\t\t\t<div class=\"elementor-widget-container\">\n\t\t\t\t\t\t\t\t\tLudwig van Beethoven\t\t\t\t\t\t\t\t<\/div>\n\t\t\t\t<\/div>\n\t\t\t\t<div class=\"elementor-element elementor-element-67c95823 animated-fast elementor-invisible elementor-widget elementor-widget-text-editor\" data-id=\"67c95823\" data-element_type=\"widget\" data-e-type=\"widget\" data-settings=\"{&quot;_animation&quot;:&quot;fadeInRight&quot;,&quot;_animation_tablet&quot;:&quot;fadeIn&quot;,&quot;_animation_delay&quot;:300}\" data-widget_type=\"text-editor.default\">\n\t\t\t\t<div class=\"elementor-widget-container\">\n\t\t\t\t\t\t\t\t\tCome una delle accademie estive pi\u00f9 importanti del mondo, l&#8217;European Music Institute Vienna, fondato nel 1975 come Vienna Masterclasses da G\u00fcnther Theuring sotto la direzione artistica di J\u00f6rg Birhance, vogliamo continuare questo tour de force insieme ai nostri studenti, giovani musicisti provenienti da tutto il mondo: attraverso lo studio e la pratica dei capolavori dell&#8217;epoca classica, crediamo di fornire una chiave per comprendere tutti gli stili e le epoche musicali del repertorio concertistico internazionale fino alla musica contemporanea.\t\t\t\t\t\t\t\t<\/div>\n\t\t\t\t<\/div>\n\t\t\t\t\t<\/div>\n\t\t<\/div>\n\t\t\t\t\t<\/div>\n\t\t<\/section>\n\t\t\t\t<section class=\"elementor-section elementor-top-section elementor-element elementor-element-c0db5c5 elementor-section-boxed elementor-section-height-default elementor-section-height-default\" data-id=\"c0db5c5\" data-element_type=\"section\" data-e-type=\"section\" data-settings=\"{&quot;background_background&quot;:&quot;classic&quot;}\">\n\t\t\t\t\t\t<div class=\"elementor-container elementor-column-gap-default\">\n\t\t\t\t\t<div class=\"elementor-column elementor-col-50 elementor-top-column elementor-element elementor-element-15d06f4a\" data-id=\"15d06f4a\" data-element_type=\"column\" data-e-type=\"column\">\n\t\t\t<div class=\"elementor-widget-wrap elementor-element-populated\">\n\t\t\t\t\t\t<div class=\"elementor-element elementor-element-255dbe75 animated-fast elementor-invisible elementor-widget elementor-widget-spacer\" data-id=\"255dbe75\" data-element_type=\"widget\" data-e-type=\"widget\" data-settings=\"{&quot;_animation&quot;:&quot;fadeIn&quot;}\" data-widget_type=\"spacer.default\">\n\t\t\t\t<div class=\"elementor-widget-container\">\n\t\t\t\t\t\t\t<div class=\"elementor-spacer\">\n\t\t\t<div class=\"elementor-spacer-inner\"><\/div>\n\t\t<\/div>\n\t\t\t\t\t\t<\/div>\n\t\t\t\t<\/div>\n\t\t\t\t<div class=\"elementor-element elementor-element-2dec8d animated-fast elementor-widget__width-auto elementor-absolute elementor-invisible elementor-widget elementor-widget-image\" data-id=\"2dec8d\" data-element_type=\"widget\" data-e-type=\"widget\" data-settings=\"{&quot;motion_fx_motion_fx_mouse&quot;:&quot;yes&quot;,&quot;motion_fx_tilt_effect&quot;:&quot;yes&quot;,&quot;motion_fx_tilt_speed&quot;:{&quot;unit&quot;:&quot;px&quot;,&quot;size&quot;:2,&quot;sizes&quot;:[]},&quot;_animation&quot;:&quot;fadeIn&quot;,&quot;_position&quot;:&quot;absolute&quot;}\" data-widget_type=\"image.default\">\n\t\t\t\t<div class=\"elementor-widget-container\">\n\t\t\t\t\t\t\t\t\t\t\t\t\t\t\t<img decoding=\"async\" src=\"https:\/\/houseofstrauss.at\/wp-content\/uploads\/elementor\/thumbs\/decor-home-3-qwxxykq4xmr1czwadadgqx023kv2nplbbtlct4eje8.png\" title=\"decor-home-3.png\" alt=\"decor-home-3.png\" loading=\"lazy\" \/>\t\t\t\t\t\t\t\t\t\t\t\t\t\t\t<\/div>\n\t\t\t\t<\/div>\n\t\t\t\t\t<\/div>\n\t\t<\/div>\n\t\t\t\t<div class=\"elementor-column elementor-col-50 elementor-top-column elementor-element elementor-element-7009dc09\" data-id=\"7009dc09\" data-element_type=\"column\" data-e-type=\"column\">\n\t\t\t<div class=\"elementor-widget-wrap elementor-element-populated\">\n\t\t\t\t\t\t<div class=\"elementor-element elementor-element-690def07 animated-fast elementor-invisible elementor-widget elementor-widget-heading\" data-id=\"690def07\" data-element_type=\"widget\" data-e-type=\"widget\" data-settings=\"{&quot;_animation&quot;:&quot;fadeIn&quot;,&quot;_animation_delay&quot;:200}\" data-widget_type=\"heading.default\">\n\t\t\t\t<div class=\"elementor-widget-container\">\n\t\t\t\t\t<h2 class=\"elementor-heading-title elementor-size-default\">Massima chiarezza dell'aspetto interno ed esterno<\/h2>\t\t\t\t<\/div>\n\t\t\t\t<\/div>\n\t\t\t\t<div class=\"elementor-element elementor-element-1facf695 animated-fast elementor-invisible elementor-widget elementor-widget-text-editor\" data-id=\"1facf695\" data-element_type=\"widget\" data-e-type=\"widget\" data-settings=\"{&quot;_animation&quot;:&quot;fadeIn&quot;,&quot;_animation_delay&quot;:300}\" data-widget_type=\"text-editor.default\">\n\t\t\t\t<div class=\"elementor-widget-container\">\n\t\t\t\t\t\t\t\t\t<p>L&#8217;epoca del classicismo viennese, il periodo in cui la musica come arte ha trovato la sua &#8220;massima chiarezza di aspetto interiore ed esteriore&#8221; (Hans Swarowsky), \u00e8 quindi una chiave per la nostra educazione musicale. Pu\u00f2 dare a coloro che si sforzano di comprendere tutti i parametri di un brano musicale &#8211; a patto che abbiano imparato a combinare teoria e pratica &#8211; la capacit\u00e0 di padroneggiare qualsiasi stile di musica d&#8217;arte. <\/p><p> <\/p>\t\t\t\t\t\t\t\t<\/div>\n\t\t\t\t<\/div>\n\t\t\t\t\t<\/div>\n\t\t<\/div>\n\t\t\t\t\t<\/div>\n\t\t<\/section>\n\t\t\t\t<section class=\"elementor-section elementor-top-section elementor-element elementor-element-44f745ce elementor-section-boxed elementor-section-height-default elementor-section-height-default\" data-id=\"44f745ce\" data-element_type=\"section\" data-e-type=\"section\" data-settings=\"{&quot;background_background&quot;:&quot;classic&quot;}\">\n\t\t\t\t\t\t<div class=\"elementor-container elementor-column-gap-default\">\n\t\t\t\t\t<div class=\"elementor-column elementor-col-100 elementor-top-column elementor-element elementor-element-73f1d90a\" data-id=\"73f1d90a\" data-element_type=\"column\" data-e-type=\"column\">\n\t\t\t<div class=\"elementor-widget-wrap elementor-element-populated\">\n\t\t\t\t\t\t<section class=\"elementor-section elementor-inner-section elementor-element elementor-element-41f62922 elementor-section-full_width elementor-section-height-default elementor-section-height-default\" data-id=\"41f62922\" data-element_type=\"section\" data-e-type=\"section\">\n\t\t\t\t\t\t<div class=\"elementor-container elementor-column-gap-default\">\n\t\t\t\t\t<div class=\"elementor-column elementor-col-50 elementor-inner-column elementor-element elementor-element-30c50d47\" data-id=\"30c50d47\" data-element_type=\"column\" data-e-type=\"column\">\n\t\t\t<div class=\"elementor-widget-wrap elementor-element-populated\">\n\t\t\t\t\t\t<div class=\"elementor-element elementor-element-202a6c50 animated-fast elementor-invisible elementor-widget elementor-widget-heading\" data-id=\"202a6c50\" data-element_type=\"widget\" data-e-type=\"widget\" data-settings=\"{&quot;_animation&quot;:&quot;fadeIn&quot;,&quot;_animation_delay&quot;:200}\" data-widget_type=\"heading.default\">\n\t\t\t\t<div class=\"elementor-widget-container\">\n\t\t\t\t\t<h2 class=\"elementor-heading-title elementor-size-default\">Introduciamo i giovani artisti all'analisi musicale del<\/h2>\t\t\t\t<\/div>\n\t\t\t\t<\/div>\n\t\t\t\t<div class=\"elementor-element elementor-element-4e31ee88 animated-fast elementor-invisible elementor-widget elementor-widget-text-editor\" data-id=\"4e31ee88\" data-element_type=\"widget\" data-e-type=\"widget\" data-settings=\"{&quot;_animation&quot;:&quot;fadeIn&quot;,&quot;_animation_delay&quot;:300}\" data-widget_type=\"text-editor.default\">\n\t\t\t\t<div class=\"elementor-widget-container\">\n\t\t\t\t\t\t\t\t\t<p>pratica esecutiva e i vari criteri di valutazione delle composizioni. Con ulteriori caratteristiche, l&#8217;Istituto Europeo di Musica di Vienna si propone di preparare gli studenti a un futuro vario e stimolante come quello della professione musicale. <\/p><p>La musica conserva i suoi segreti, eppure non possiamo mai smettere di rivelarli, anche se siamo consapevoli che potremmo non rivelarli mai. Pertanto, come musicisti impegnati nella nostra arte, dobbiamo seguire l&#8217;esigente e bellissimo imperativo che Beethoven ci ha lasciato. <\/p>\t\t\t\t\t\t\t\t<\/div>\n\t\t\t\t<\/div>\n\t\t\t\t\t<\/div>\n\t\t<\/div>\n\t\t\t\t<div class=\"elementor-column elementor-col-50 elementor-inner-column elementor-element elementor-element-1c5b1910\" data-id=\"1c5b1910\" data-element_type=\"column\" data-e-type=\"column\">\n\t\t\t<div class=\"elementor-widget-wrap elementor-element-populated\">\n\t\t\t\t\t\t<div class=\"elementor-element elementor-element-6166ed9a animated-fast elementor-widget elementor-widget-spacer\" data-id=\"6166ed9a\" data-element_type=\"widget\" data-e-type=\"widget\" data-settings=\"{&quot;_animation&quot;:&quot;none&quot;}\" data-widget_type=\"spacer.default\">\n\t\t\t\t<div class=\"elementor-widget-container\">\n\t\t\t\t\t\t\t<div class=\"elementor-spacer\">\n\t\t\t<div class=\"elementor-spacer-inner\"><\/div>\n\t\t<\/div>\n\t\t\t\t\t\t<\/div>\n\t\t\t\t<\/div>\n\t\t\t\t<div class=\"elementor-element elementor-element-1a36bc42 animated-fast elementor-widget__width-auto elementor-absolute elementor-invisible elementor-widget elementor-widget-image\" data-id=\"1a36bc42\" data-element_type=\"widget\" data-e-type=\"widget\" data-settings=\"{&quot;motion_fx_motion_fx_mouse&quot;:&quot;yes&quot;,&quot;motion_fx_tilt_effect&quot;:&quot;yes&quot;,&quot;motion_fx_tilt_direction&quot;:&quot;negative&quot;,&quot;motion_fx_tilt_speed&quot;:{&quot;unit&quot;:&quot;px&quot;,&quot;size&quot;:2,&quot;sizes&quot;:[]},&quot;_animation&quot;:&quot;fadeIn&quot;,&quot;_position&quot;:&quot;absolute&quot;}\" data-widget_type=\"image.default\">\n\t\t\t\t<div class=\"elementor-widget-container\">\n\t\t\t\t\t\t\t\t\t\t\t\t\t\t\t<img decoding=\"async\" src=\"https:\/\/houseofstrauss.at\/wp-content\/uploads\/elementor\/thumbs\/decor-1-qwx4xnh7rl0kk5lhe2mx0v270mtdn2jxoyq9h7qole.png\" title=\"decor-1.png\" alt=\"decor-1.png\" loading=\"lazy\" \/>\t\t\t\t\t\t\t\t\t\t\t\t\t\t\t<\/div>\n\t\t\t\t<\/div>\n\t\t\t\t\t<\/div>\n\t\t<\/div>\n\t\t\t\t\t<\/div>\n\t\t<\/section>\n\t\t\t\t\t<\/div>\n\t\t<\/div>\n\t\t\t\t\t<\/div>\n\t\t<\/section>\n\t\t\t\t<\/div>\n\t\t","protected":false},"excerpt":{"rendered":"<p>Masterclass di musica Sito web Ludwig van BeethovenCome una delle accademie estive pi\u00f9 importanti del mondo, l&#8217;European Music Institute Vienna, fondato nel 1975 come Vienna Masterclasses da G\u00fcnther Theuring sotto [&hellip;]<\/p>\n","protected":false},"author":1,"featured_media":6812,"parent":0,"menu_order":0,"comment_status":"closed","ping_status":"closed","template":"","meta":{"footnotes":""},"class_list":["post-1887","page","type-page","status-publish","has-post-thumbnail","hentry"],"yoast_head":"<!-- This site is optimized with the Yoast SEO plugin v27.5 - https:\/\/yoast.com\/product\/yoast-seo-wordpress\/ -->\n<title>Masterclass di musica a Vienna | Casa di Strauss<\/title>\n<meta name=\"description\" content=\"Le nostre masterclass guidate da esperti offrono un&#039;opportunit\u00e0 unica di crescita e ispirazione. Migliora il tuo talento musicale.\" \/>\n<meta name=\"robots\" content=\"index, follow, max-snippet:-1, max-image-preview:large, max-video-preview:-1\" \/>\n<link rel=\"canonical\" href=\"https:\/\/houseofstrauss.at\/musik-meisterkurse\/\" \/>\n<meta property=\"og:locale\" content=\"it_IT\" \/>\n<meta property=\"og:type\" content=\"article\" \/>\n<meta property=\"og:title\" content=\"Masterclass di musica a Vienna | Casa di Strauss\" \/>\n<meta property=\"og:description\" content=\"Le nostre masterclass guidate da esperti offrono un&#039;opportunit\u00e0 unica di crescita e ispirazione. Migliora il tuo talento musicale.\" \/>\n<meta property=\"og:url\" content=\"https:\/\/houseofstrauss.at\/musik-meisterkurse\/\" \/>\n<meta property=\"og:site_name\" content=\"House of Strauss Wien\" \/>\n<meta property=\"article:publisher\" content=\"https:\/\/www.facebook.com\/houseofstraussvienna\" \/>\n<meta property=\"article:modified_time\" content=\"2025-04-10T05:17:25+00:00\" \/>\n<meta property=\"og:image\" content=\"https:\/\/houseofstrauss.at\/wp-content\/uploads\/2025\/01\/00-01-01-Zoegernitz-1200x800mm-1-1024x683.jpg\" \/>\n\t<meta property=\"og:image:width\" content=\"1024\" \/>\n\t<meta property=\"og:image:height\" content=\"683\" \/>\n\t<meta property=\"og:image:type\" content=\"image\/jpeg\" \/>\n<meta name=\"twitter:card\" content=\"summary_large_image\" \/>\n<meta name=\"twitter:label1\" content=\"Tempo di lettura stimato\" \/>\n\t<meta name=\"twitter:data1\" content=\"1 minuto\" \/>\n<script type=\"application\/ld+json\" class=\"yoast-schema-graph\">{\"@context\":\"https:\\\/\\\/schema.org\",\"@graph\":[{\"@type\":\"WebPage\",\"@id\":\"https:\\\/\\\/houseofstrauss.at\\\/musik-meisterkurse\\\/\",\"url\":\"https:\\\/\\\/houseofstrauss.at\\\/musik-meisterkurse\\\/\",\"name\":\"Masterclass di musica a Vienna | Casa di Strauss\",\"isPartOf\":{\"@id\":\"https:\\\/\\\/houseofstrauss.at\\\/#website\"},\"primaryImageOfPage\":{\"@id\":\"https:\\\/\\\/houseofstrauss.at\\\/musik-meisterkurse\\\/#primaryimage\"},\"image\":{\"@id\":\"https:\\\/\\\/houseofstrauss.at\\\/musik-meisterkurse\\\/#primaryimage\"},\"thumbnailUrl\":\"https:\\\/\\\/houseofstrauss.at\\\/wp-content\\\/uploads\\\/2025\\\/01\\\/00-01-01-Zoegernitz-1200x800mm-1-scaled.jpg\",\"datePublished\":\"2024-11-13T00:43:33+00:00\",\"dateModified\":\"2025-04-10T05:17:25+00:00\",\"description\":\"Le nostre masterclass guidate da esperti offrono un'opportunit\u00e0 unica di crescita e ispirazione. Migliora il tuo talento musicale.\",\"breadcrumb\":{\"@id\":\"https:\\\/\\\/houseofstrauss.at\\\/musik-meisterkurse\\\/#breadcrumb\"},\"inLanguage\":\"it-IT\",\"potentialAction\":[{\"@type\":\"ReadAction\",\"target\":[\"https:\\\/\\\/houseofstrauss.at\\\/musik-meisterkurse\\\/\"]}]},{\"@type\":\"ImageObject\",\"inLanguage\":\"it-IT\",\"@id\":\"https:\\\/\\\/houseofstrauss.at\\\/musik-meisterkurse\\\/#primaryimage\",\"url\":\"https:\\\/\\\/houseofstrauss.at\\\/wp-content\\\/uploads\\\/2025\\\/01\\\/00-01-01-Zoegernitz-1200x800mm-1-scaled.jpg\",\"contentUrl\":\"https:\\\/\\\/houseofstrauss.at\\\/wp-content\\\/uploads\\\/2025\\\/01\\\/00-01-01-Zoegernitz-1200x800mm-1-scaled.jpg\",\"width\":2560,\"height\":1707,\"caption\":\"Musik-Meisterkurse\"},{\"@type\":\"BreadcrumbList\",\"@id\":\"https:\\\/\\\/houseofstrauss.at\\\/musik-meisterkurse\\\/#breadcrumb\",\"itemListElement\":[{\"@type\":\"ListItem\",\"position\":1,\"name\":\"Startseite\",\"item\":\"https:\\\/\\\/houseofstrauss.at\\\/it\\\/casa-2\\\/\"},{\"@type\":\"ListItem\",\"position\":2,\"name\":\"Masterclass di musica\"}]},{\"@type\":\"WebSite\",\"@id\":\"https:\\\/\\\/houseofstrauss.at\\\/#website\",\"url\":\"https:\\\/\\\/houseofstrauss.at\\\/\",\"name\":\"House of Strauss Wien\",\"description\":\"Museum, Sehensw\u00fcrdigkeiten  Classical concerts Vienna, Live Strauss Konzerte\",\"publisher\":{\"@id\":\"https:\\\/\\\/houseofstrauss.at\\\/#organization\"},\"potentialAction\":[{\"@type\":\"SearchAction\",\"target\":{\"@type\":\"EntryPoint\",\"urlTemplate\":\"https:\\\/\\\/houseofstrauss.at\\\/?s={search_term_string}\"},\"query-input\":{\"@type\":\"PropertyValueSpecification\",\"valueRequired\":true,\"valueName\":\"search_term_string\"}}],\"inLanguage\":\"it-IT\"},{\"@type\":\"Organization\",\"@id\":\"https:\\\/\\\/houseofstrauss.at\\\/#organization\",\"name\":\"House of Strauss Wien\",\"url\":\"https:\\\/\\\/houseofstrauss.at\\\/\",\"logo\":{\"@type\":\"ImageObject\",\"inLanguage\":\"it-IT\",\"@id\":\"https:\\\/\\\/houseofstrauss.at\\\/#\\\/schema\\\/logo\\\/image\\\/\",\"url\":\"https:\\\/\\\/houseofstrauss.at\\\/wp-content\\\/uploads\\\/2024\\\/11\\\/blue-logo.png\",\"contentUrl\":\"https:\\\/\\\/houseofstrauss.at\\\/wp-content\\\/uploads\\\/2024\\\/11\\\/blue-logo.png\",\"width\":2564,\"height\":1213,\"caption\":\"House of Strauss Wien\"},\"image\":{\"@id\":\"https:\\\/\\\/houseofstrauss.at\\\/#\\\/schema\\\/logo\\\/image\\\/\"},\"sameAs\":[\"https:\\\/\\\/www.facebook.com\\\/houseofstraussvienna\",\"https:\\\/\\\/www.instagram.com\\\/houseofstrauss_vienna\",\"https:\\\/\\\/www.tripadvisor.de\\\/Attraction_Review-g190454-d26561860-Reviews-House_Of_Strauss_Vienna-Vienna.html\",\"https:\\\/\\\/www.tiktok.com\\\/@house.of.strauss\"]}]}<\/script>\n<!-- \/ Yoast SEO plugin. -->","yoast_head_json":{"title":"Masterclass di musica a Vienna | Casa di Strauss","description":"Le nostre masterclass guidate da esperti offrono un'opportunit\u00e0 unica di crescita e ispirazione. Migliora il tuo talento musicale.","robots":{"index":"index","follow":"follow","max-snippet":"max-snippet:-1","max-image-preview":"max-image-preview:large","max-video-preview":"max-video-preview:-1"},"canonical":"https:\/\/houseofstrauss.at\/musik-meisterkurse\/","og_locale":"it_IT","og_type":"article","og_title":"Masterclass di musica a Vienna | Casa di Strauss","og_description":"Le nostre masterclass guidate da esperti offrono un'opportunit\u00e0 unica di crescita e ispirazione. Migliora il tuo talento musicale.","og_url":"https:\/\/houseofstrauss.at\/musik-meisterkurse\/","og_site_name":"House of Strauss Wien","article_publisher":"https:\/\/www.facebook.com\/houseofstraussvienna","article_modified_time":"2025-04-10T05:17:25+00:00","og_image":[{"width":1024,"height":683,"url":"https:\/\/houseofstrauss.at\/wp-content\/uploads\/2025\/01\/00-01-01-Zoegernitz-1200x800mm-1-1024x683.jpg","type":"image\/jpeg"}],"twitter_card":"summary_large_image","twitter_misc":{"Tempo di lettura stimato":"1 minuto"},"schema":{"@context":"https:\/\/schema.org","@graph":[{"@type":"WebPage","@id":"https:\/\/houseofstrauss.at\/musik-meisterkurse\/","url":"https:\/\/houseofstrauss.at\/musik-meisterkurse\/","name":"Masterclass di musica a Vienna | Casa di Strauss","isPartOf":{"@id":"https:\/\/houseofstrauss.at\/#website"},"primaryImageOfPage":{"@id":"https:\/\/houseofstrauss.at\/musik-meisterkurse\/#primaryimage"},"image":{"@id":"https:\/\/houseofstrauss.at\/musik-meisterkurse\/#primaryimage"},"thumbnailUrl":"https:\/\/houseofstrauss.at\/wp-content\/uploads\/2025\/01\/00-01-01-Zoegernitz-1200x800mm-1-scaled.jpg","datePublished":"2024-11-13T00:43:33+00:00","dateModified":"2025-04-10T05:17:25+00:00","description":"Le nostre masterclass guidate da esperti offrono un'opportunit\u00e0 unica di crescita e ispirazione. Migliora il tuo talento musicale.","breadcrumb":{"@id":"https:\/\/houseofstrauss.at\/musik-meisterkurse\/#breadcrumb"},"inLanguage":"it-IT","potentialAction":[{"@type":"ReadAction","target":["https:\/\/houseofstrauss.at\/musik-meisterkurse\/"]}]},{"@type":"ImageObject","inLanguage":"it-IT","@id":"https:\/\/houseofstrauss.at\/musik-meisterkurse\/#primaryimage","url":"https:\/\/houseofstrauss.at\/wp-content\/uploads\/2025\/01\/00-01-01-Zoegernitz-1200x800mm-1-scaled.jpg","contentUrl":"https:\/\/houseofstrauss.at\/wp-content\/uploads\/2025\/01\/00-01-01-Zoegernitz-1200x800mm-1-scaled.jpg","width":2560,"height":1707,"caption":"Musik-Meisterkurse"},{"@type":"BreadcrumbList","@id":"https:\/\/houseofstrauss.at\/musik-meisterkurse\/#breadcrumb","itemListElement":[{"@type":"ListItem","position":1,"name":"Startseite","item":"https:\/\/houseofstrauss.at\/it\/casa-2\/"},{"@type":"ListItem","position":2,"name":"Masterclass di musica"}]},{"@type":"WebSite","@id":"https:\/\/houseofstrauss.at\/#website","url":"https:\/\/houseofstrauss.at\/","name":"House of Strauss Wien","description":"Museum, Sehensw\u00fcrdigkeiten  Classical concerts Vienna, Live Strauss Konzerte","publisher":{"@id":"https:\/\/houseofstrauss.at\/#organization"},"potentialAction":[{"@type":"SearchAction","target":{"@type":"EntryPoint","urlTemplate":"https:\/\/houseofstrauss.at\/?s={search_term_string}"},"query-input":{"@type":"PropertyValueSpecification","valueRequired":true,"valueName":"search_term_string"}}],"inLanguage":"it-IT"},{"@type":"Organization","@id":"https:\/\/houseofstrauss.at\/#organization","name":"House of Strauss Wien","url":"https:\/\/houseofstrauss.at\/","logo":{"@type":"ImageObject","inLanguage":"it-IT","@id":"https:\/\/houseofstrauss.at\/#\/schema\/logo\/image\/","url":"https:\/\/houseofstrauss.at\/wp-content\/uploads\/2024\/11\/blue-logo.png","contentUrl":"https:\/\/houseofstrauss.at\/wp-content\/uploads\/2024\/11\/blue-logo.png","width":2564,"height":1213,"caption":"House of Strauss Wien"},"image":{"@id":"https:\/\/houseofstrauss.at\/#\/schema\/logo\/image\/"},"sameAs":["https:\/\/www.facebook.com\/houseofstraussvienna","https:\/\/www.instagram.com\/houseofstrauss_vienna","https:\/\/www.tripadvisor.de\/Attraction_Review-g190454-d26561860-Reviews-House_Of_Strauss_Vienna-Vienna.html","https:\/\/www.tiktok.com\/@house.of.strauss"]}]}},"_links":{"self":[{"href":"https:\/\/houseofstrauss.at\/it\/wp-json\/wp\/v2\/pages\/1887","targetHints":{"allow":["GET"]}}],"collection":[{"href":"https:\/\/houseofstrauss.at\/it\/wp-json\/wp\/v2\/pages"}],"about":[{"href":"https:\/\/houseofstrauss.at\/it\/wp-json\/wp\/v2\/types\/page"}],"author":[{"embeddable":true,"href":"https:\/\/houseofstrauss.at\/it\/wp-json\/wp\/v2\/users\/1"}],"replies":[{"embeddable":true,"href":"https:\/\/houseofstrauss.at\/it\/wp-json\/wp\/v2\/comments?post=1887"}],"version-history":[{"count":6,"href":"https:\/\/houseofstrauss.at\/it\/wp-json\/wp\/v2\/pages\/1887\/revisions"}],"predecessor-version":[{"id":8997,"href":"https:\/\/houseofstrauss.at\/it\/wp-json\/wp\/v2\/pages\/1887\/revisions\/8997"}],"wp:featuredmedia":[{"embeddable":true,"href":"https:\/\/houseofstrauss.at\/it\/wp-json\/wp\/v2\/media\/6812"}],"wp:attachment":[{"href":"https:\/\/houseofstrauss.at\/it\/wp-json\/wp\/v2\/media?parent=1887"}],"curies":[{"name":"wp","href":"https:\/\/api.w.org\/{rel}","templated":true}]}}